{"id":10602,"date":"2014-09-04T19:01:32","date_gmt":"2014-09-04T19:01:32","guid":{"rendered":"http:\/\/theme-fusion.com\/avadaxml\/?page_id=10602"},"modified":"2018-02-16T17:24:04","modified_gmt":"2018-02-16T16:24:04","slug":"blogue","status":"publish","type":"page","link":"https:\/\/pylonelectronics.com\/fr\/blogue\/","title":{"rendered":"Blogue"},"content":{"rendered":"<p><div class=\"fusion-fullwidth fullwidth-box fusion-builder-row-1 hundred-percent-fullwidth non-hundred-percent-height-scrolling\" style=\"--awb-background-position:left top;--awb-border-radius-top-left:0px;--awb-border-radius-top-right:0px;--awb-border-radius-bottom-right:0px;--awb-border-radius-bottom-left:0px;--awb-padding-top:20px;--awb-padding-right:20px;--awb-padding-bottom:20px;--awb-padding-left:20px;--awb-background-color:#5e7587;--awb-border-sizes-top:0px;--awb-border-sizes-bottom:0px;--awb-flex-wrap:wrap;\" ><div class=\"fusion-builder-row fusion-row\"><div class=\"fusion-layout-column fusion_builder_column fusion-builder-column-0 fusion_builder_column_1_1 1_1 fusion-one-full fusion-column-first fusion-column-last fusion-column-no-min-height\" style=\"--awb-bg-size:cover;--awb-margin-bottom:0px;\"><div class=\"fusion-column-wrapper fusion-flex-column-wrapper-legacy\"><div class=\"fusion-text fusion-text-1\"><h3 style=\"text-align: center;\"><span style=\"color: #ffffff;\"><strong><span style=\"font-size: 45px;\"><span style=\"line-height: 50px;\">NOUVELLES et CONSEILS<br \/>\n<\/span><\/span><\/strong><\/span><\/h3>\n<\/div><div class=\"fusion-clearfix\"><\/div><\/div><\/div><\/div><\/div><div class=\"fusion-fullwidth fullwidth-box fusion-builder-row-2 nonhundred-percent-fullwidth non-hundred-percent-height-scrolling\" style=\"--awb-background-position:left top;--awb-border-radius-top-left:0px;--awb-border-radius-top-right:0px;--awb-border-radius-bottom-right:0px;--awb-border-radius-bottom-left:0px;--awb-padding-top:70px;--awb-padding-bottom:10px;--awb-border-sizes-top:0px;--awb-border-sizes-bottom:0px;--awb-flex-wrap:wrap;\" ><div class=\"fusion-builder-row fusion-row\"><div class=\"fusion-layout-column fusion_builder_column fusion-builder-column-1 fusion_builder_column_1_1 1_1 fusion-one-full fusion-column-first fusion-column-last fusion-column-no-min-height\" style=\"--awb-bg-size:cover;--awb-margin-bottom:0px;\"><div class=\"fusion-column-wrapper fusion-flex-column-wrapper-legacy\"><div class=\"fusion-blog-shortcode fusion-blog-shortcode-1 fusion-blog-archive fusion-blog-layout-medium-alternate fusion-blog-no\"><div class=\"fusion-posts-container fusion-posts-container-no fusion-blog-rollover\" data-pages=\"1\"><article id=\"blog-1-post-13007\" class=\"fusion-post-medium-alternate post-13007 post type-post status-publish format-standard has-post-thumbnail hentry category-demystification\">\n<div class=\"fusion-date-and-formats\"><div class=\"fusion-date-box updated\"><span class=\"fusion-date\">5<\/span><span class=\"fusion-month-year\">f\u00e9vrier 2016<\/span><\/div><div class=\"fusion-format-box\"><i class=\"awb-icon-pen\" aria-hidden=\"true\"><\/i><\/div><\/div>\t<style type=\"text\/css\">\n\t\t\n\t\t\n\t\t\n\t\t\n\t\t\t<\/style>\n\n\n\t\t\t<div class=\"fusion-flexslider flexslider fusion-flexslider-loading fusion-post-slideshow\" style=\"\">\n\t\t<ul class=\"slides\">\n\t\t\t\n\t\t\t\t\t\t\t\t\t\t\t\t\t\t<li><div  class=\"fusion-image-wrapper fusion-image-size-fixed\" aria-haspopup=\"true\">\n\t\t\t\t<img decoding=\"async\" width=\"320\" height=\"202\" src=\"https:\/\/pylonelectronics.com\/wp-content\/uploads\/2016\/02\/calibration-et-etalonnage-320x202.png\" class=\"attachment-blog-medium size-blog-medium wp-post-image\" alt=\"\" srcset=\"https:\/\/pylonelectronics.com\/wp-content\/uploads\/2016\/02\/calibration-et-etalonnage-320x202.png 320w, https:\/\/pylonelectronics.com\/wp-content\/uploads\/2016\/02\/calibration-et-etalonnage-700x441.png 700w\" sizes=\"(max-width: 320px) 100vw, 320px\" \/><div class=\"fusion-rollover\">\n\t<div class=\"fusion-rollover-content\">\n\n\t\t\t\t\t\t\t\t\t\t\t\t\t\t<a class=\"fusion-rollover-link\" href=\"https:\/\/pylonelectronics.com\/fr\/2016\/02\/05\/quest-ce-que-la-calibration\/\">Qu&rsquo;est-ce que la calibration?<\/a>\n\t\t\t\n\t\t\t\t\t\t\t\t\t\t\t\t\t\t\n\t\t\t\t\t\t\t\t\n\t\t\t\t\t\t\t\t\t\t\t\t\t<div class=\"fusion-rollover-sep\"><\/div>\n\t\t\t\t\n\t\t\t\t\t\t\t\t\t\t\t\t\t\t\t\t\t\t<a class=\"fusion-rollover-gallery\" href=\"https:\/\/pylonelectronics.com\/wp-content\/uploads\/2016\/02\/calibration-et-etalonnage.png\" data-options=\"\" data-id=\"13007\" data-rel=\"iLightbox[gallery]\" data-title=\"calibration et etalonnage\" data-caption=\"\">\n\t\t\t\t\t\tGallery\t\t\t\t\t<\/a>\n\t\t\t\t\t\t\t\t\t\t\t\t\t\t\n\t\t\n\t\t\t\t\t\t\t\t\t\t\t\t<h4 class=\"fusion-rollover-title\">\n\t\t\t\t\t<a class=\"fusion-rollover-title-link\" href=\"https:\/\/pylonelectronics.com\/fr\/2016\/02\/05\/quest-ce-que-la-calibration\/\">\n\t\t\t\t\t\tQu&rsquo;est-ce que la calibration?\t\t\t\t\t<\/a>\n\t\t\t\t<\/h4>\n\t\t\t\n\t\t\t\t\t\t\t\t\t\t<div class=\"fusion-rollover-categories\"><a href=\"https:\/\/pylonelectronics.com\/fr\/category\/demystification\/\" rel=\"tag\">D\u00e9mystification<\/a><\/div>\t\t\t\t\t\n\t\t\n\t\t\t\t\t\t<a class=\"fusion-link-wrapper\" href=\"https:\/\/pylonelectronics.com\/fr\/2016\/02\/05\/quest-ce-que-la-calibration\/\" aria-label=\"Qu&rsquo;est-ce que la calibration?\"><\/a>\n\t<\/div>\n<\/div>\n<\/div>\n<\/li>\n\t\t\t\n\t\t\t\n\t\t\t\t\t\t\t\t\t\t\t\t\t\t\t\t\t\t\t\t\t\t\t\t\t\t\t\t\t\t\t\t\t\t\t\t\t\t\t\t\t\t\t\t\t\t\t\t\t\t\t\t\t\t\t\t\t\t\t\t\t\t\t\t\t\t\t\t<\/ul>\n\t<\/div>\n\t<div class=\"fusion-post-content post-content\"><h2 class=\"blog-shortcode-post-title entry-title\"><a href=\"https:\/\/pylonelectronics.com\/fr\/2016\/02\/05\/quest-ce-que-la-calibration\/\">Qu&rsquo;est-ce que la calibration?<\/a><\/h2><p class=\"fusion-single-line-meta\"><span class=\"vcard\" style=\"display: none;\"><span class=\"fn\"><a href=\"https:\/\/pylonelectronics.com\/fr\/author\/admin_pylon\/\" title=\"Articles par admin_pylon\" rel=\"author\">admin_pylon<\/a><\/span><\/span><span class=\"updated\" style=\"display:none;\">2018-02-16T17:24:05+01:00<\/span><span>f\u00e9vrier 5, 2016<\/span><span class=\"fusion-inline-sep\">|<\/span>Categories: <a href=\"https:\/\/pylonelectronics.com\/fr\/category\/demystification\/\" rel=\"category tag\">D\u00e9mystification<\/a><span class=\"fusion-inline-sep\">|<\/span><\/p><div class=\"fusion-post-content-container\"><p>En bref, l'\u00e9talonnage est un processus document\u00e9 o\u00f9 l'instrument de mesure \u00e0 \u00e9talonner est compar\u00e9 \u00e0 une valeur connue, g\u00e9n\u00e9ralement \u00e0 un \u00e9talon de r\u00e9f\u00e9rence plus pr\u00e9cis. Il est bon de rappeler que toutes les mesures comportent des erreurs et l'\u00e9talonnage indique combien! Un exemple [...]<\/p><\/div><\/div><div class=\"fusion-clearfix\"><\/div><div class=\"fusion-meta-info\"><div class=\"fusion-alignright\"><a class=\"fusion-read-more\" href=\"https:\/\/pylonelectronics.com\/fr\/2016\/02\/05\/quest-ce-que-la-calibration\/\" aria-label=\"More on Qu&rsquo;est-ce que la calibration?\">Read More<\/a><\/div><\/div><\/article>\n<article id=\"blog-1-post-1\" class=\"fusion-post-medium-alternate post-1 post type-post status-publish format-standard has-post-thumbnail hentry category-normes-et-accreditations\">\n<div class=\"fusion-date-and-formats\"><div class=\"fusion-date-box updated\"><span class=\"fusion-date\">18<\/span><span class=\"fusion-month-year\">janvier 2016<\/span><\/div><div class=\"fusion-format-box\"><i class=\"awb-icon-pen\" aria-hidden=\"true\"><\/i><\/div><\/div>\t<style type=\"text\/css\">\n\t\t\n\t\t\n\t\t\n\t\t\n\t\t\t<\/style>\n\n\n\t\t\t<div class=\"fusion-flexslider flexslider fusion-flexslider-loading fusion-post-slideshow\" style=\"\">\n\t\t<ul class=\"slides\">\n\t\t\t\n\t\t\t\t\t\t\t\t\t\t\t\t\t\t<li><div  class=\"fusion-image-wrapper fusion-image-size-fixed\" aria-haspopup=\"true\">\n\t\t\t\t<img decoding=\"async\" width=\"320\" height=\"202\" src=\"https:\/\/pylonelectronics.com\/wp-content\/uploads\/2016\/01\/calibration-320x202.png\" class=\"attachment-blog-medium size-blog-medium wp-post-image\" alt=\"\" srcset=\"https:\/\/pylonelectronics.com\/wp-content\/uploads\/2016\/01\/calibration-320x202.png 320w, https:\/\/pylonelectronics.com\/wp-content\/uploads\/2016\/01\/calibration-700x441.png 700w\" sizes=\"(max-width: 320px) 100vw, 320px\" \/><div class=\"fusion-rollover\">\n\t<div class=\"fusion-rollover-content\">\n\n\t\t\t\t\t\t\t\t\t\t\t\t\t\t<a class=\"fusion-rollover-link\" href=\"https:\/\/pylonelectronics.com\/fr\/2016\/01\/18\/accreditation-isoiec-17025\/\">Accr\u00e9ditation ISO\/IEC 17025<\/a>\n\t\t\t\n\t\t\t\t\t\t\t\t\t\t\t\t\t\t\n\t\t\t\t\t\t\t\t\n\t\t\t\t\t\t\t\t\t\t\t\t\t<div class=\"fusion-rollover-sep\"><\/div>\n\t\t\t\t\n\t\t\t\t\t\t\t\t\t\t\t\t\t\t\t\t\t\t<a class=\"fusion-rollover-gallery\" href=\"https:\/\/pylonelectronics.com\/wp-content\/uploads\/2016\/01\/calibration.png\" data-options=\"\" data-id=\"1\" data-rel=\"iLightbox[gallery]\" data-title=\"calibration\" data-caption=\"\">\n\t\t\t\t\t\tGallery\t\t\t\t\t<\/a>\n\t\t\t\t\t\t\t\t\t\t\t\t\t\t\n\t\t\n\t\t\t\t\t\t\t\t\t\t\t\t<h4 class=\"fusion-rollover-title\">\n\t\t\t\t\t<a class=\"fusion-rollover-title-link\" href=\"https:\/\/pylonelectronics.com\/fr\/2016\/01\/18\/accreditation-isoiec-17025\/\">\n\t\t\t\t\t\tAccr\u00e9ditation ISO\/IEC 17025\t\t\t\t\t<\/a>\n\t\t\t\t<\/h4>\n\t\t\t\n\t\t\t\t\t\t\t\t\t\t<div class=\"fusion-rollover-categories\"><a href=\"https:\/\/pylonelectronics.com\/fr\/category\/normes-et-accreditations\/\" rel=\"tag\">Normes et accr\u00e9ditations<\/a><\/div>\t\t\t\t\t\n\t\t\n\t\t\t\t\t\t<a class=\"fusion-link-wrapper\" href=\"https:\/\/pylonelectronics.com\/fr\/2016\/01\/18\/accreditation-isoiec-17025\/\" aria-label=\"Accr\u00e9ditation ISO\/IEC 17025\"><\/a>\n\t<\/div>\n<\/div>\n<\/div>\n<\/li>\n\t\t\t\n\t\t\t\n\t\t\t\t\t\t\t\t\t\t\t\t\t\t\t\t\t\t\t\t\t\t\t\t\t\t\t\t\t\t\t\t\t\t\t\t\t\t\t\t\t\t\t\t\t\t\t\t\t\t\t\t\t\t\t\t\t\t\t\t\t\t\t\t\t\t\t\t<\/ul>\n\t<\/div>\n\t<div class=\"fusion-post-content post-content\"><h2 class=\"blog-shortcode-post-title entry-title\"><a href=\"https:\/\/pylonelectronics.com\/fr\/2016\/01\/18\/accreditation-isoiec-17025\/\">Accr\u00e9ditation ISO\/IEC 17025<\/a><\/h2><p class=\"fusion-single-line-meta\"><span class=\"vcard\" style=\"display: none;\"><span class=\"fn\"><a href=\"https:\/\/pylonelectronics.com\/fr\/author\/admin_pylon\/\" title=\"Articles par admin_pylon\" rel=\"author\">admin_pylon<\/a><\/span><\/span><span class=\"updated\" style=\"display:none;\">2018-02-16T17:24:05+01:00<\/span><span>janvier 18, 2016<\/span><span class=\"fusion-inline-sep\">|<\/span>Categories: <a href=\"https:\/\/pylonelectronics.com\/fr\/category\/normes-et-accreditations\/\" rel=\"category tag\">Normes et accr\u00e9ditations<\/a><span class=\"fusion-inline-sep\">|<\/span><\/p><div class=\"fusion-post-content-container\"><p>L'ISO\/CEI 17025:2005 \u00e9tablit les exigences g\u00e9n\u00e9rales de comp\u00e9tence pour effectuer des essais et\/ou des \u00e9talonnages, y compris l'\u00e9chantillonnage. Elle couvre les essais et les \u00e9talonnages effectu\u00e9s au moyen de m\u00e9thodes normalis\u00e9es, de m\u00e9thodes non normalis\u00e9es et de m\u00e9thodes \u00e9labor\u00e9es par les laboratoires. Elle est applicable [...]<\/p><\/div><\/div><div class=\"fusion-clearfix\"><\/div><div class=\"fusion-meta-info\"><div class=\"fusion-alignright\"><a class=\"fusion-read-more\" href=\"https:\/\/pylonelectronics.com\/fr\/2016\/01\/18\/accreditation-isoiec-17025\/\" aria-label=\"More on Accr\u00e9ditation ISO\/IEC 17025\">Read More<\/a><\/div><\/div><\/article>\n<\/div><\/div><div class=\"fusion-clearfix\"><\/div><\/div><\/div><\/div><\/div><\/p>\n","protected":false},"excerpt":{"rendered":"","protected":false},"author":1,"featured_media":0,"parent":0,"menu_order":0,"comment_status":"closed","ping_status":"closed","template":"100-width.php","meta":{"_monsterinsights_skip_tracking":false,"_monsterinsights_sitenote_active":false,"_monsterinsights_sitenote_note":"","_monsterinsights_sitenote_category":0,"footnotes":""},"class_list":["post-10602","page","type-page","status-publish","hentry"],"yoast_head":"<!-- This site is optimized with the Yoast SEO plugin v27.4 - https:\/\/yoast.com\/product\/yoast-seo-wordpress\/ -->\n<title>Blogue<\/title>\n<meta name=\"robots\" content=\"index, follow, max-snippet:-1, max-image-preview:large, max-video-preview:-1\" \/>\n<link rel=\"canonical\" href=\"https:\/\/pylonelectronics.com\/fr\/blogue\/\" \/>\n<meta property=\"og:locale\" content=\"fr_FR\" \/>\n<meta property=\"og:type\" content=\"article\" \/>\n<meta property=\"og:title\" content=\"Blogue\" \/>\n<meta property=\"og:url\" content=\"https:\/\/pylonelectronics.com\/fr\/blogue\/\" \/>\n<meta property=\"og:site_name\" content=\"pylonelectronics.com\" \/>\n<meta property=\"article:publisher\" content=\"https:\/\/www.facebook.com\/pylonelectronics\" \/>\n<meta property=\"article:modified_time\" content=\"2018-02-16T16:24:04+00:00\" \/>\n<meta name=\"twitter:card\" content=\"summary_large_image\" \/>\n<meta name=\"twitter:site\" content=\"@pylonelectronic\" \/>\n<meta name=\"twitter:label1\" content=\"Dur\u00e9e de lecture estim\u00e9e\" \/>\n\t<meta name=\"twitter:data1\" content=\"2 minutes\" \/>\n<script type=\"application\/ld+json\" class=\"yoast-schema-graph\">{\"@context\":\"https:\\\/\\\/schema.org\",\"@graph\":[{\"@type\":\"WebPage\",\"@id\":\"https:\\\/\\\/pylonelectronics.com\\\/fr\\\/blogue\\\/\",\"url\":\"https:\\\/\\\/pylonelectronics.com\\\/fr\\\/blogue\\\/\",\"name\":\"Blogue\",\"isPartOf\":{\"@id\":\"https:\\\/\\\/pylonelectronics.com\\\/#website\"},\"datePublished\":\"2014-09-04T19:01:32+00:00\",\"dateModified\":\"2018-02-16T16:24:04+00:00\",\"breadcrumb\":{\"@id\":\"https:\\\/\\\/pylonelectronics.com\\\/fr\\\/blogue\\\/#breadcrumb\"},\"inLanguage\":\"fr-FR\",\"potentialAction\":[{\"@type\":\"ReadAction\",\"target\":[\"https:\\\/\\\/pylonelectronics.com\\\/fr\\\/blogue\\\/\"]}]},{\"@type\":\"BreadcrumbList\",\"@id\":\"https:\\\/\\\/pylonelectronics.com\\\/fr\\\/blogue\\\/#breadcrumb\",\"itemListElement\":[{\"@type\":\"ListItem\",\"position\":1,\"name\":\"Home\",\"item\":\"https:\\\/\\\/pylonelectronics.com\\\/fr\\\/\"},{\"@type\":\"ListItem\",\"position\":2,\"name\":\"Blogue\"}]},{\"@type\":\"WebSite\",\"@id\":\"https:\\\/\\\/pylonelectronics.com\\\/#website\",\"url\":\"https:\\\/\\\/pylonelectronics.com\\\/\",\"name\":\"pylonelectronics.com\",\"description\":\"\",\"publisher\":{\"@id\":\"https:\\\/\\\/pylonelectronics.com\\\/#organization\"},\"potentialAction\":[{\"@type\":\"SearchAction\",\"target\":{\"@type\":\"EntryPoint\",\"urlTemplate\":\"https:\\\/\\\/pylonelectronics.com\\\/?s={search_term_string}\"},\"query-input\":{\"@type\":\"PropertyValueSpecification\",\"valueRequired\":true,\"valueName\":\"search_term_string\"}}],\"inLanguage\":\"fr-FR\"},{\"@type\":\"Organization\",\"@id\":\"https:\\\/\\\/pylonelectronics.com\\\/#organization\",\"name\":\"pylonelectronics.com\",\"url\":\"https:\\\/\\\/pylonelectronics.com\\\/\",\"logo\":{\"@type\":\"ImageObject\",\"inLanguage\":\"fr-FR\",\"@id\":\"https:\\\/\\\/pylonelectronics.com\\\/#\\\/schema\\\/logo\\\/image\\\/\",\"url\":\"https:\\\/\\\/pylonelectronics.com\\\/wp-content\\\/uploads\\\/2019\\\/11\\\/Pylon-logo-e1574440399162.jpg\",\"contentUrl\":\"https:\\\/\\\/pylonelectronics.com\\\/wp-content\\\/uploads\\\/2019\\\/11\\\/Pylon-logo-e1574440399162.jpg\",\"width\":900,\"height\":301,\"caption\":\"pylonelectronics.com\"},\"image\":{\"@id\":\"https:\\\/\\\/pylonelectronics.com\\\/#\\\/schema\\\/logo\\\/image\\\/\"},\"sameAs\":[\"https:\\\/\\\/www.facebook.com\\\/pylonelectronics\",\"https:\\\/\\\/x.com\\\/pylonelectronic\",\"https:\\\/\\\/www.youtube.com\\\/channel\\\/UCHnO9O0d2Pk2LwZb29GONZw\"]}]}<\/script>\n<!-- \/ Yoast SEO plugin. -->","yoast_head_json":{"title":"Blogue","robots":{"index":"index","follow":"follow","max-snippet":"max-snippet:-1","max-image-preview":"max-image-preview:large","max-video-preview":"max-video-preview:-1"},"canonical":"https:\/\/pylonelectronics.com\/fr\/blogue\/","og_locale":"fr_FR","og_type":"article","og_title":"Blogue","og_url":"https:\/\/pylonelectronics.com\/fr\/blogue\/","og_site_name":"pylonelectronics.com","article_publisher":"https:\/\/www.facebook.com\/pylonelectronics","article_modified_time":"2018-02-16T16:24:04+00:00","twitter_card":"summary_large_image","twitter_site":"@pylonelectronic","twitter_misc":{"Dur\u00e9e de lecture estim\u00e9e":"2 minutes"},"schema":{"@context":"https:\/\/schema.org","@graph":[{"@type":"WebPage","@id":"https:\/\/pylonelectronics.com\/fr\/blogue\/","url":"https:\/\/pylonelectronics.com\/fr\/blogue\/","name":"Blogue","isPartOf":{"@id":"https:\/\/pylonelectronics.com\/#website"},"datePublished":"2014-09-04T19:01:32+00:00","dateModified":"2018-02-16T16:24:04+00:00","breadcrumb":{"@id":"https:\/\/pylonelectronics.com\/fr\/blogue\/#breadcrumb"},"inLanguage":"fr-FR","potentialAction":[{"@type":"ReadAction","target":["https:\/\/pylonelectronics.com\/fr\/blogue\/"]}]},{"@type":"BreadcrumbList","@id":"https:\/\/pylonelectronics.com\/fr\/blogue\/#breadcrumb","itemListElement":[{"@type":"ListItem","position":1,"name":"Home","item":"https:\/\/pylonelectronics.com\/fr\/"},{"@type":"ListItem","position":2,"name":"Blogue"}]},{"@type":"WebSite","@id":"https:\/\/pylonelectronics.com\/#website","url":"https:\/\/pylonelectronics.com\/","name":"pylonelectronics.com","description":"","publisher":{"@id":"https:\/\/pylonelectronics.com\/#organization"},"potentialAction":[{"@type":"SearchAction","target":{"@type":"EntryPoint","urlTemplate":"https:\/\/pylonelectronics.com\/?s={search_term_string}"},"query-input":{"@type":"PropertyValueSpecification","valueRequired":true,"valueName":"search_term_string"}}],"inLanguage":"fr-FR"},{"@type":"Organization","@id":"https:\/\/pylonelectronics.com\/#organization","name":"pylonelectronics.com","url":"https:\/\/pylonelectronics.com\/","logo":{"@type":"ImageObject","inLanguage":"fr-FR","@id":"https:\/\/pylonelectronics.com\/#\/schema\/logo\/image\/","url":"https:\/\/pylonelectronics.com\/wp-content\/uploads\/2019\/11\/Pylon-logo-e1574440399162.jpg","contentUrl":"https:\/\/pylonelectronics.com\/wp-content\/uploads\/2019\/11\/Pylon-logo-e1574440399162.jpg","width":900,"height":301,"caption":"pylonelectronics.com"},"image":{"@id":"https:\/\/pylonelectronics.com\/#\/schema\/logo\/image\/"},"sameAs":["https:\/\/www.facebook.com\/pylonelectronics","https:\/\/x.com\/pylonelectronic","https:\/\/www.youtube.com\/channel\/UCHnO9O0d2Pk2LwZb29GONZw"]}]}},"_links":{"self":[{"href":"https:\/\/pylonelectronics.com\/fr\/wp-json\/wp\/v2\/pages\/10602","targetHints":{"allow":["GET"]}}],"collection":[{"href":"https:\/\/pylonelectronics.com\/fr\/wp-json\/wp\/v2\/pages"}],"about":[{"href":"https:\/\/pylonelectronics.com\/fr\/wp-json\/wp\/v2\/types\/page"}],"author":[{"embeddable":true,"href":"https:\/\/pylonelectronics.com\/fr\/wp-json\/wp\/v2\/users\/1"}],"replies":[{"embeddable":true,"href":"https:\/\/pylonelectronics.com\/fr\/wp-json\/wp\/v2\/comments?post=10602"}],"version-history":[{"count":21,"href":"https:\/\/pylonelectronics.com\/fr\/wp-json\/wp\/v2\/pages\/10602\/revisions"}],"predecessor-version":[{"id":14595,"href":"https:\/\/pylonelectronics.com\/fr\/wp-json\/wp\/v2\/pages\/10602\/revisions\/14595"}],"wp:attachment":[{"href":"https:\/\/pylonelectronics.com\/fr\/wp-json\/wp\/v2\/media?parent=10602"}],"curies":[{"name":"wp","href":"https:\/\/api.w.org\/{rel}","templated":true}]}}