{"id":11655,"date":"2016-01-18T17:14:42","date_gmt":"2016-01-18T16:14:42","guid":{"rendered":"\/\/pylonelectronics.com\/?page_id=11655"},"modified":"2018-02-16T17:24:04","modified_gmt":"2018-02-16T16:24:04","slug":"carrieres","status":"publish","type":"page","link":"https:\/\/pylonelectronics.com\/fr\/carrieres\/","title":{"rendered":"Carri\u00e8res"},"content":{"rendered":"<p><div class=\"fusion-fullwidth fullwidth-box fusion-builder-row-1 hundred-percent-fullwidth non-hundred-percent-height-scrolling\" style=\"--awb-background-position:left top;--awb-border-radius-top-left:0px;--awb-border-radius-top-right:0px;--awb-border-radius-bottom-right:0px;--awb-border-radius-bottom-left:0px;--awb-padding-top:20px;--awb-padding-right:20px;--awb-padding-bottom:20px;--awb-padding-left:20px;--awb-background-color:#5e7587;--awb-border-sizes-top:0px;--awb-border-sizes-bottom:0px;--awb-flex-wrap:wrap;\" ><div class=\"fusion-builder-row fusion-row\"><div class=\"fusion-layout-column fusion_builder_column fusion-builder-column-0 fusion_builder_column_1_1 1_1 fusion-one-full fusion-column-first fusion-column-last fusion-column-no-min-height\" style=\"--awb-bg-size:cover;--awb-margin-bottom:0px;\"><div class=\"fusion-column-wrapper fusion-flex-column-wrapper-legacy\"><div class=\"fusion-text fusion-text-1\"><h3 style=\"text-align: center;\"><span style=\"color: #ffffff;\"><strong><span style=\"font-size: 45px;\"><span style=\"line-height: 50px;\">OPPORTUNIT\u00c9S\u00a0d&#8217;emploi et de carri\u00e8re<br \/>\n<\/span><\/span><\/strong><\/span><\/h3>\n<\/div><div class=\"fusion-clearfix\"><\/div><\/div><\/div><\/div><\/div><div class=\"fusion-fullwidth fullwidth-box fusion-builder-row-2 nonhundred-percent-fullwidth non-hundred-percent-height-scrolling\" style=\"--awb-background-position:left top;--awb-border-radius-top-left:0px;--awb-border-radius-top-right:0px;--awb-border-radius-bottom-right:0px;--awb-border-radius-bottom-left:0px;--awb-padding-top:45px;--awb-padding-bottom:35px;--awb-border-sizes-top:0px;--awb-border-sizes-bottom:0px;--awb-flex-wrap:wrap;\" ><div class=\"fusion-builder-row fusion-row\"><div class=\"fusion-layout-column fusion_builder_column fusion-builder-column-1 fusion_builder_column_1_1 1_1 fusion-one-full fusion-column-first fusion-column-last fusion-column-no-min-height\" style=\"--awb-bg-size:cover;--awb-margin-bottom:0px;\"><div class=\"fusion-column-wrapper fusion-flex-column-wrapper-legacy\"><div class=\"fusion-text fusion-text-2\"><h3><strong><img decoding=\"async\" class=\"alignleft wp-image-11968\" src=\"\/\/pylonelectronics.com\/wp-content\/uploads\/2014\/11\/Grand-favicon-contour.png\" alt=\"\" width=\"70\" height=\"67\" srcset=\"https:\/\/pylonelectronics.com\/wp-content\/uploads\/2014\/11\/Grand-favicon-contour-52x50.png 52w, https:\/\/pylonelectronics.com\/wp-content\/uploads\/2014\/11\/Grand-favicon-contour.png 102w\" sizes=\"(max-width: 70px) 100vw, 70px\" \/><\/strong><\/h3>\n<h3><strong><span class=\"s1\">Pylon Electronics est une entreprise ayant des services diversifi\u00e9s, c&rsquo;est pourquoi nous offrons un<\/span> <span style=\"color: #5e7587;\">grand nombre d&rsquo;opportunit\u00e9s d&#8217;emploi <\/span>et de carri\u00e8re. Nous offrons des <span style=\"color: #5e7587;\">conditions de travail exemplaires<\/span>, notre environnement de travail est reconnu pour son <span style=\"color: #5e7587;\">ambiance conviviale<\/span>. <\/strong><\/h3>\n<h3><strong><span class=\"s1\">De plus, nous sommes tr\u00e8s fiers de notre <span style=\"color: #5e7587;\">politique interne d&rsquo;\u00e9galit\u00e9 \u00e0 l&#8217;emploi<\/span>.\u00a0<\/span><\/strong><\/h3>\n<\/div><div class=\"fusion-clearfix\"><\/div><\/div><\/div><\/div><\/div><div class=\"fusion-fullwidth fullwidth-box fusion-builder-row-3 nonhundred-percent-fullwidth non-hundred-percent-height-scrolling\" style=\"--awb-border-radius-top-left:0px;--awb-border-radius-top-right:0px;--awb-border-radius-bottom-right:0px;--awb-border-radius-bottom-left:0px;--awb-padding-top:65px;--awb-padding-bottom:0px;--awb-border-sizes-top:0px;--awb-border-sizes-bottom:0px;--awb-flex-wrap:wrap;\" ><div class=\"fusion-builder-row fusion-row\"><div class=\"fusion-layout-column fusion_builder_column fusion-builder-column-2 fusion_builder_column_3_4 3_4 fusion-three-fourth fusion-column-first\" style=\"--awb-bg-size:cover;width:74%; margin-right: 4%;\"><div class=\"fusion-column-wrapper fusion-flex-column-wrapper-legacy\"><div class=\"fusion-text fusion-text-3\"><h2><strong>Candidatures spontan\u00e9es<\/strong><\/h2>\n<\/div><div class=\"fusion-text fusion-text-4\"><h3><strong>Cependant, nous vous invitons \u00e0 nous envoyer votre CV \u00e0 titre de <span style=\"color: #5e7587;\">candidature spontan\u00e9e<\/span> par courriel \u00e0 l&rsquo;attention des ressources humaines&#8230;<\/strong><\/h3>\n<\/div><div class=\"fusion-clearfix\"><\/div><\/div><\/div><div class=\"fusion-layout-column fusion_builder_column fusion-builder-column-3 fusion_builder_column_1_4 1_4 fusion-one-fourth fusion-column-last\" style=\"--awb-bg-position:center bottom;--awb-bg-size:cover;width:22%;\"><div class=\"fusion-column-wrapper fusion-flex-column-wrapper-legacy\"><div class=\"fusion-align-block\"><a class=\"fusion-button button-3d button-xlarge button-custom fusion-button-default button-1 fusion-button-span-yes \" style=\"--button_bevel_color:#5e7587;--button_accent_color:#ffffff;--button_accent_hover_color:#ffffff;--button_border_hover_color:#ffffff;--button_border_width-top:1px;--button_border_width-right:1px;--button_border_width-bottom:1px;--button_border_width-left:1px;--button_gradient_top_color:#5e7587;--button_gradient_bottom_color:#5e7587;--button_gradient_top_color_hover:#383838;--button_gradient_bottom_color_hover:#383838;\" target=\"_self\" href=\"mailto:humanresources@pylonelectronics.com\"><span class=\"fusion-button-text awb-button__text awb-button__text--default\">Envoyezvotre CV<\/span><\/a><\/div><div class=\"fusion-clearfix\"><\/div><\/div><\/div><\/div><\/div><\/p>\n","protected":false},"excerpt":{"rendered":"","protected":false},"author":1,"featured_media":0,"parent":0,"menu_order":0,"comment_status":"closed","ping_status":"closed","template":"100-width.php","meta":{"_monsterinsights_skip_tracking":false,"_monsterinsights_sitenote_active":false,"_monsterinsights_sitenote_note":"","_monsterinsights_sitenote_category":0,"footnotes":""},"class_list":["post-11655","page","type-page","status-publish","hentry"],"yoast_head":"<!-- This site is optimized with the Yoast SEO plugin v27.4 - https:\/\/yoast.com\/product\/yoast-seo-wordpress\/ -->\n<title>Carri\u00e8res<\/title>\n<meta name=\"robots\" content=\"index, follow, max-snippet:-1, max-image-preview:large, max-video-preview:-1\" \/>\n<link rel=\"canonical\" href=\"https:\/\/pylonelectronics.com\/fr\/carrieres\/\" \/>\n<meta property=\"og:locale\" content=\"fr_FR\" \/>\n<meta property=\"og:type\" content=\"article\" \/>\n<meta property=\"og:title\" content=\"Carri\u00e8res\" \/>\n<meta property=\"og:url\" content=\"https:\/\/pylonelectronics.com\/fr\/carrieres\/\" \/>\n<meta property=\"og:site_name\" content=\"pylonelectronics.com\" \/>\n<meta property=\"article:publisher\" content=\"https:\/\/www.facebook.com\/pylonelectronics\" \/>\n<meta property=\"article:modified_time\" content=\"2018-02-16T16:24:04+00:00\" \/>\n<meta property=\"og:image\" content=\"\/\/pylonelectronics.com\/wp-content\/uploads\/2014\/11\/Grand-favicon-contour.png\" \/>\n<meta name=\"twitter:card\" content=\"summary_large_image\" \/>\n<meta name=\"twitter:site\" content=\"@pylonelectronic\" \/>\n<meta name=\"twitter:label1\" content=\"Dur\u00e9e de lecture estim\u00e9e\" \/>\n\t<meta name=\"twitter:data1\" content=\"4 minutes\" \/>\n<script type=\"application\/ld+json\" class=\"yoast-schema-graph\">{\"@context\":\"https:\\\/\\\/schema.org\",\"@graph\":[{\"@type\":\"WebPage\",\"@id\":\"https:\\\/\\\/pylonelectronics.com\\\/fr\\\/carrieres\\\/\",\"url\":\"https:\\\/\\\/pylonelectronics.com\\\/fr\\\/carrieres\\\/\",\"name\":\"Carri\u00e8res\",\"isPartOf\":{\"@id\":\"https:\\\/\\\/pylonelectronics.com\\\/#website\"},\"datePublished\":\"2016-01-18T16:14:42+00:00\",\"dateModified\":\"2018-02-16T16:24:04+00:00\",\"breadcrumb\":{\"@id\":\"https:\\\/\\\/pylonelectronics.com\\\/fr\\\/carrieres\\\/#breadcrumb\"},\"inLanguage\":\"fr-FR\",\"potentialAction\":[{\"@type\":\"ReadAction\",\"target\":[\"https:\\\/\\\/pylonelectronics.com\\\/fr\\\/carrieres\\\/\"]}]},{\"@type\":\"BreadcrumbList\",\"@id\":\"https:\\\/\\\/pylonelectronics.com\\\/fr\\\/carrieres\\\/#breadcrumb\",\"itemListElement\":[{\"@type\":\"ListItem\",\"position\":1,\"name\":\"Home\",\"item\":\"https:\\\/\\\/pylonelectronics.com\\\/fr\\\/\"},{\"@type\":\"ListItem\",\"position\":2,\"name\":\"Carri\u00e8res\"}]},{\"@type\":\"WebSite\",\"@id\":\"https:\\\/\\\/pylonelectronics.com\\\/#website\",\"url\":\"https:\\\/\\\/pylonelectronics.com\\\/\",\"name\":\"pylonelectronics.com\",\"description\":\"\",\"publisher\":{\"@id\":\"https:\\\/\\\/pylonelectronics.com\\\/#organization\"},\"potentialAction\":[{\"@type\":\"SearchAction\",\"target\":{\"@type\":\"EntryPoint\",\"urlTemplate\":\"https:\\\/\\\/pylonelectronics.com\\\/?s={search_term_string}\"},\"query-input\":{\"@type\":\"PropertyValueSpecification\",\"valueRequired\":true,\"valueName\":\"search_term_string\"}}],\"inLanguage\":\"fr-FR\"},{\"@type\":\"Organization\",\"@id\":\"https:\\\/\\\/pylonelectronics.com\\\/#organization\",\"name\":\"pylonelectronics.com\",\"url\":\"https:\\\/\\\/pylonelectronics.com\\\/\",\"logo\":{\"@type\":\"ImageObject\",\"inLanguage\":\"fr-FR\",\"@id\":\"https:\\\/\\\/pylonelectronics.com\\\/#\\\/schema\\\/logo\\\/image\\\/\",\"url\":\"https:\\\/\\\/pylonelectronics.com\\\/wp-content\\\/uploads\\\/2019\\\/11\\\/Pylon-logo-e1574440399162.jpg\",\"contentUrl\":\"https:\\\/\\\/pylonelectronics.com\\\/wp-content\\\/uploads\\\/2019\\\/11\\\/Pylon-logo-e1574440399162.jpg\",\"width\":900,\"height\":301,\"caption\":\"pylonelectronics.com\"},\"image\":{\"@id\":\"https:\\\/\\\/pylonelectronics.com\\\/#\\\/schema\\\/logo\\\/image\\\/\"},\"sameAs\":[\"https:\\\/\\\/www.facebook.com\\\/pylonelectronics\",\"https:\\\/\\\/x.com\\\/pylonelectronic\",\"https:\\\/\\\/www.youtube.com\\\/channel\\\/UCHnO9O0d2Pk2LwZb29GONZw\"]}]}<\/script>\n<!-- \/ Yoast SEO plugin. -->","yoast_head_json":{"title":"Carri\u00e8res","robots":{"index":"index","follow":"follow","max-snippet":"max-snippet:-1","max-image-preview":"max-image-preview:large","max-video-preview":"max-video-preview:-1"},"canonical":"https:\/\/pylonelectronics.com\/fr\/carrieres\/","og_locale":"fr_FR","og_type":"article","og_title":"Carri\u00e8res","og_url":"https:\/\/pylonelectronics.com\/fr\/carrieres\/","og_site_name":"pylonelectronics.com","article_publisher":"https:\/\/www.facebook.com\/pylonelectronics","article_modified_time":"2018-02-16T16:24:04+00:00","og_image":[{"url":"\/\/pylonelectronics.com\/wp-content\/uploads\/2014\/11\/Grand-favicon-contour.png","type":"","width":"","height":""}],"twitter_card":"summary_large_image","twitter_site":"@pylonelectronic","twitter_misc":{"Dur\u00e9e de lecture estim\u00e9e":"4 minutes"},"schema":{"@context":"https:\/\/schema.org","@graph":[{"@type":"WebPage","@id":"https:\/\/pylonelectronics.com\/fr\/carrieres\/","url":"https:\/\/pylonelectronics.com\/fr\/carrieres\/","name":"Carri\u00e8res","isPartOf":{"@id":"https:\/\/pylonelectronics.com\/#website"},"datePublished":"2016-01-18T16:14:42+00:00","dateModified":"2018-02-16T16:24:04+00:00","breadcrumb":{"@id":"https:\/\/pylonelectronics.com\/fr\/carrieres\/#breadcrumb"},"inLanguage":"fr-FR","potentialAction":[{"@type":"ReadAction","target":["https:\/\/pylonelectronics.com\/fr\/carrieres\/"]}]},{"@type":"BreadcrumbList","@id":"https:\/\/pylonelectronics.com\/fr\/carrieres\/#breadcrumb","itemListElement":[{"@type":"ListItem","position":1,"name":"Home","item":"https:\/\/pylonelectronics.com\/fr\/"},{"@type":"ListItem","position":2,"name":"Carri\u00e8res"}]},{"@type":"WebSite","@id":"https:\/\/pylonelectronics.com\/#website","url":"https:\/\/pylonelectronics.com\/","name":"pylonelectronics.com","description":"","publisher":{"@id":"https:\/\/pylonelectronics.com\/#organization"},"potentialAction":[{"@type":"SearchAction","target":{"@type":"EntryPoint","urlTemplate":"https:\/\/pylonelectronics.com\/?s={search_term_string}"},"query-input":{"@type":"PropertyValueSpecification","valueRequired":true,"valueName":"search_term_string"}}],"inLanguage":"fr-FR"},{"@type":"Organization","@id":"https:\/\/pylonelectronics.com\/#organization","name":"pylonelectronics.com","url":"https:\/\/pylonelectronics.com\/","logo":{"@type":"ImageObject","inLanguage":"fr-FR","@id":"https:\/\/pylonelectronics.com\/#\/schema\/logo\/image\/","url":"https:\/\/pylonelectronics.com\/wp-content\/uploads\/2019\/11\/Pylon-logo-e1574440399162.jpg","contentUrl":"https:\/\/pylonelectronics.com\/wp-content\/uploads\/2019\/11\/Pylon-logo-e1574440399162.jpg","width":900,"height":301,"caption":"pylonelectronics.com"},"image":{"@id":"https:\/\/pylonelectronics.com\/#\/schema\/logo\/image\/"},"sameAs":["https:\/\/www.facebook.com\/pylonelectronics","https:\/\/x.com\/pylonelectronic","https:\/\/www.youtube.com\/channel\/UCHnO9O0d2Pk2LwZb29GONZw"]}]}},"_links":{"self":[{"href":"https:\/\/pylonelectronics.com\/fr\/wp-json\/wp\/v2\/pages\/11655","targetHints":{"allow":["GET"]}}],"collection":[{"href":"https:\/\/pylonelectronics.com\/fr\/wp-json\/wp\/v2\/pages"}],"about":[{"href":"https:\/\/pylonelectronics.com\/fr\/wp-json\/wp\/v2\/types\/page"}],"author":[{"embeddable":true,"href":"https:\/\/pylonelectronics.com\/fr\/wp-json\/wp\/v2\/users\/1"}],"replies":[{"embeddable":true,"href":"https:\/\/pylonelectronics.com\/fr\/wp-json\/wp\/v2\/comments?post=11655"}],"version-history":[{"count":45,"href":"https:\/\/pylonelectronics.com\/fr\/wp-json\/wp\/v2\/pages\/11655\/revisions"}],"predecessor-version":[{"id":14655,"href":"https:\/\/pylonelectronics.com\/fr\/wp-json\/wp\/v2\/pages\/11655\/revisions\/14655"}],"wp:attachment":[{"href":"https:\/\/pylonelectronics.com\/fr\/wp-json\/wp\/v2\/media?parent=11655"}],"curies":[{"name":"wp","href":"https:\/\/api.w.org\/{rel}","templated":true}]}}