{"id":11667,"date":"2016-01-18T17:17:24","date_gmt":"2016-01-18T16:17:24","guid":{"rendered":"\/\/pylonelectronics.com\/?page_id=11667"},"modified":"2018-02-16T17:24:03","modified_gmt":"2018-02-16T16:24:03","slug":"secteurs-dactivite","status":"publish","type":"page","link":"https:\/\/pylonelectronics.com\/fr\/secteurs-dactivite\/","title":{"rendered":"Secteurs d\u2019activit\u00e9"},"content":{"rendered":"<p><div class=\"fusion-fullwidth fullwidth-box fusion-builder-row-1 hundred-percent-fullwidth non-hundred-percent-height-scrolling\" style=\"--awb-background-position:left top;--awb-border-radius-top-left:0px;--awb-border-radius-top-right:0px;--awb-border-radius-bottom-right:0px;--awb-border-radius-bottom-left:0px;--awb-padding-top:20px;--awb-padding-right:20px;--awb-padding-bottom:20px;--awb-padding-left:20px;--awb-background-color:#5e7587;--awb-border-sizes-top:0px;--awb-border-sizes-bottom:0px;--awb-flex-wrap:wrap;\" ><div class=\"fusion-builder-row fusion-row\"><div class=\"fusion-layout-column fusion_builder_column fusion-builder-column-0 fusion_builder_column_1_1 1_1 fusion-one-full fusion-column-first fusion-column-last fusion-column-no-min-height\" style=\"--awb-bg-size:cover;--awb-margin-bottom:0px;\"><div class=\"fusion-column-wrapper fusion-flex-column-wrapper-legacy\"><div class=\"fusion-text fusion-text-1\"><h3 style=\"text-align: center;\"><span style=\"color: #ffffff;\"><strong><span style=\"font-size: 45px;\"><span style=\"line-height: 50px;\">Des SECTEURS d&rsquo;activit\u00e9 VARI\u00c9S<\/span><\/span><\/strong><\/span><\/h3>\n<\/div><div class=\"fusion-clearfix\"><\/div><\/div><\/div><\/div><\/div><div class=\"fusion-fullwidth fullwidth-box fusion-builder-row-2 nonhundred-percent-fullwidth non-hundred-percent-height-scrolling\" style=\"--awb-background-position:left top;--awb-border-radius-top-left:0px;--awb-border-radius-top-right:0px;--awb-border-radius-bottom-right:0px;--awb-border-radius-bottom-left:0px;--awb-padding-top:45px;--awb-padding-bottom:20px;--awb-border-sizes-top:0px;--awb-border-sizes-bottom:0px;--awb-flex-wrap:wrap;\" ><div class=\"fusion-builder-row fusion-row\"><div class=\"fusion-layout-column fusion_builder_column fusion-builder-column-1 fusion_builder_column_1_1 1_1 fusion-one-full fusion-column-first fusion-column-last fusion-column-no-min-height\" style=\"--awb-bg-size:cover;--awb-margin-bottom:0px;\"><div class=\"fusion-column-wrapper fusion-flex-column-wrapper-legacy\"><div class=\"fusion-text fusion-text-2\"><h3><strong><img decoding=\"async\" class=\"alignleft wp-image-11968\" src=\"\/\/pylonelectronics.com\/wp-content\/uploads\/2014\/11\/Grand-favicon-contour.png\" alt=\"\" width=\"70\" height=\"67\" srcset=\"https:\/\/pylonelectronics.com\/wp-content\/uploads\/2014\/11\/Grand-favicon-contour-52x50.png 52w, https:\/\/pylonelectronics.com\/wp-content\/uploads\/2014\/11\/Grand-favicon-contour.png 102w\" sizes=\"(max-width: 70px) 100vw, 70px\" \/><\/strong><strong>Depuis plus de 60 ans, Pylon Electronics a d\u00e9velopp\u00e9 son expertise dans plusieurs secteurs d&rsquo;activit\u00e9 tant en <span style=\"color: #5e7587;\">calibration<\/span> qu&rsquo;en <span style=\"color: #5e7587;\">r\u00e9paration<\/span>.\u00a0<\/strong><\/h3>\n<\/div><div class=\"fusion-clearfix\"><\/div><\/div><\/div><div class=\"fusion-layout-column fusion_builder_column fusion-builder-column-2 fusion_builder_column_3_5 3_5 fusion-three-fifth fusion-column-first\" style=\"--awb-bg-size:cover;width:58.4%; margin-right: 4%;\"><div class=\"fusion-column-wrapper fusion-flex-column-wrapper-legacy\"><div class=\"fusion-sep-clear\"><\/div><div class=\"fusion-separator fusion-full-width-sep\" style=\"margin-left: auto;margin-right: auto;margin-top:10px;width:100%;\"><\/div><div class=\"fusion-sep-clear\"><\/div><div class=\"fusion-text fusion-text-3\"><p>Nos capacit\u00e9s en calibration et mesure ainsi que notre expertise technique nous permettent de vous soutenir peu importe le secteur d&rsquo;activit\u00e9 dans leques vous oeuvrez:<\/p>\n<\/div><ul style=\"--awb-size:17px;--awb-iconcolor:#5e7587;--awb-line-height:28.9px;--awb-icon-width:28.9px;--awb-icon-height:28.9px;--awb-icon-margin:11.9px;--awb-content-margin:40.8px;\" class=\"fusion-checklist fusion-checklist-1 fusion-checklist-default type-icons\"><li class=\"fusion-li-item\" style=\"\"><span class=\"icon-wrapper circle-no\"><i class=\"fusion-li-icon fa fa-check\" aria-hidden=\"true\"><\/i><\/span><div class=\"fusion-li-item-content\"><a class=\"fusion-one-page-text-link\" id=\"1\" href=\"#bottom\">l&rsquo;industrie a\u00e9rospatiale<\/a><\/div><\/li><li class=\"fusion-li-item\" style=\"\"><span class=\"icon-wrapper circle-no\"><i class=\"fusion-li-icon fa fa-check\" aria-hidden=\"true\"><\/i><\/span><div class=\"fusion-li-item-content\"><a class=\"fusion-one-page-text-link\" id=\"2\" href=\"#bottom\">l&rsquo;industrie automobile<\/a><\/div><\/li><li class=\"fusion-li-item\" style=\"\"><span class=\"icon-wrapper circle-no\"><i class=\"fusion-li-icon fa fa-check\" aria-hidden=\"true\"><\/i><\/span><div class=\"fusion-li-item-content\"><a class=\"fusion-one-page-text-link\" id=\"3\" href=\"#bottom\">le domaine manufacturier<\/a><\/div><\/li><li class=\"fusion-li-item\" style=\"\"><span class=\"icon-wrapper circle-no\"><i class=\"fusion-li-icon fa fa-check\" aria-hidden=\"true\"><\/i><\/span><div class=\"fusion-li-item-content\"><a class=\"fusion-one-page-text-link\" id=\"4\" href=\"#bottom\">les t\u00e9l\u00e9communications<\/a><\/div><\/li><li class=\"fusion-li-item\" style=\"\"><span class=\"icon-wrapper circle-no\"><i class=\"fusion-li-icon fa fa-check\" aria-hidden=\"true\"><\/i><\/span><div class=\"fusion-li-item-content\"><a class=\"fusion-one-page-text-link\" id=\"5\" href=\"#bottom\">Militaire<\/a><\/div><\/li><\/ul><div class=\"fusion-sep-clear\"><\/div><div class=\"fusion-separator fusion-full-width-sep\" style=\"margin-left: auto;margin-right: auto;margin-top:30px;width:100%;\"><\/div><div class=\"fusion-sep-clear\"><\/div><div class=\"fusion-text fusion-text-4\"><h2><strong>Faites confiance \u00e0 Pylon!<\/strong><\/h2>\n<\/div><div class=\"fusion-text fusion-text-5\"><p>Nous sommes fiers d&rsquo;avoir une large client\u00e8le\u00a0provenant des industries manufacturi\u00e8re, de la haute technologie, militaire et du secteur des services. En nous confiant vos instruments, vous pouvez compter sur l&rsquo;expertise et les comp\u00e9tences de nos technologues professionnels.<\/p>\n<\/div><div class=\"fusion-clearfix\"><\/div><\/div><\/div><div class=\"fusion-layout-column fusion_builder_column fusion-builder-column-3 fusion_builder_column_2_5 2_5 fusion-two-fifth fusion-column-last\" style=\"--awb-bg-size:cover;width:37.6%;\"><div class=\"fusion-column-wrapper fusion-flex-column-wrapper-legacy\"><div class=\"fusion-sep-clear\"><\/div><div class=\"fusion-separator fusion-full-width-sep\" style=\"margin-left: auto;margin-right: auto;margin-top:30px;width:100%;\"><\/div><div class=\"fusion-sep-clear\"><\/div><script type=\"text\/javascript\">jQuery(function() { _initLayerSlider( '#layerslider_4_42z5w0zj71sr', {sliderVersion: '', responsiveUnder: 0, layersContainer: 0, hideUnder: 0, hideOver: 100000, pauseOnHover: 1, keybNav: false, touchNav: false, skin: 'v5', sliderFadeInDuration: 350, navPrevNext: false, hoverPrevNext: false, navStartStop: false, navButtons: false, showCircleTimer: false, useSrcset: true, skinsPath: 'https:\/\/pylonelectronics.com\/wp-content\/plugins\/LayerSlider\/assets\/static\/layerslider\/skins\/', type: 'responsive', performanceMode: true}); });<\/script><div id=\"layerslider_4_42z5w0zj71sr\"  class=\"ls-wp-container fitvidsignore ls-selectable\" style=\"width:415px;height:280px;margin:0 auto;margin-bottom: 0px;\"><div class=\"ls-slide\" data-ls=\"duration:1500;transition2d:12;\"><img decoding=\"async\" width=\"415\" height=\"280\" src=\"https:\/\/pylonelectronics.com\/wp-content\/uploads\/2016\/01\/aerospace2.jpg\" class=\"ls-bg\" alt=\"\" srcset=\"https:\/\/pylonelectronics.com\/wp-content\/uploads\/2016\/01\/aerospace2-300x202.jpg 300w, https:\/\/pylonelectronics.com\/wp-content\/uploads\/2016\/01\/aerospace2.jpg 415w\" sizes=\"(max-width: 415px) 100vw, 415px\" \/><\/div><div class=\"ls-slide\" data-ls=\"duration:1500;transition2d:12;\"><img decoding=\"async\" width=\"415\" height=\"280\" src=\"https:\/\/pylonelectronics.com\/wp-content\/uploads\/2016\/01\/automative.jpg\" class=\"ls-bg\" alt=\"\" srcset=\"https:\/\/pylonelectronics.com\/wp-content\/uploads\/2016\/01\/automative-300x202.jpg 300w, https:\/\/pylonelectronics.com\/wp-content\/uploads\/2016\/01\/automative.jpg 415w\" sizes=\"(max-width: 415px) 100vw, 415px\" \/><\/div><div class=\"ls-slide\" data-ls=\"duration:1500;transition2d:12;\"><img decoding=\"async\" width=\"415\" height=\"280\" src=\"https:\/\/pylonelectronics.com\/wp-content\/uploads\/2016\/03\/Calibration-equipement.jpg\" class=\"ls-bg\" alt=\"\" srcset=\"https:\/\/pylonelectronics.com\/wp-content\/uploads\/2016\/03\/Calibration-equipement-300x202.jpg 300w, https:\/\/pylonelectronics.com\/wp-content\/uploads\/2016\/03\/Calibration-equipement.jpg 415w\" sizes=\"(max-width: 415px) 100vw, 415px\" \/><\/div><div class=\"ls-slide\" data-ls=\"duration:1500;transition2d:12;\"><img decoding=\"async\" width=\"415\" height=\"280\" src=\"https:\/\/pylonelectronics.com\/wp-content\/uploads\/2016\/02\/Telecommunication.png\" class=\"ls-bg\" alt=\"\" srcset=\"https:\/\/pylonelectronics.com\/wp-content\/uploads\/2016\/02\/Telecommunication-300x202.png 300w, https:\/\/pylonelectronics.com\/wp-content\/uploads\/2016\/02\/Telecommunication.png 415w\" sizes=\"(max-width: 415px) 100vw, 415px\" \/><\/div><div class=\"ls-slide\" data-ls=\"duration:1500;transition2d:12;\"><img decoding=\"async\" width=\"415\" height=\"280\" src=\"https:\/\/pylonelectronics.com\/wp-content\/uploads\/2016\/01\/industrial.jpg\" class=\"ls-bg\" alt=\"\" srcset=\"https:\/\/pylonelectronics.com\/wp-content\/uploads\/2016\/01\/industrial-300x202.jpg 300w, https:\/\/pylonelectronics.com\/wp-content\/uploads\/2016\/01\/industrial.jpg 415w\" sizes=\"(max-width: 415px) 100vw, 415px\" \/><\/div><\/div><div class=\"fusion-clearfix\"><\/div><\/div><\/div><\/div><\/div><div class=\"fusion-fullwidth fullwidth-box fusion-builder-row-3 hundred-percent-fullwidth non-hundred-percent-height-scrolling\" style=\"--awb-background-position:left top;--awb-border-radius-top-left:0px;--awb-border-radius-top-right:0px;--awb-border-radius-bottom-right:0px;--awb-border-radius-bottom-left:0px;--awb-padding-top:20px;--awb-padding-right:20px;--awb-padding-bottom:20px;--awb-padding-left:20px;--awb-background-color:#5e7587;--awb-border-sizes-top:0px;--awb-border-sizes-bottom:0px;--awb-flex-wrap:wrap;\" ><div class=\"fusion-builder-row fusion-row\"><div class=\"fusion-layout-column fusion_builder_column fusion-builder-column-4 fusion_builder_column_1_1 1_1 fusion-one-full fusion-column-first fusion-column-last fusion-column-no-min-height\" style=\"--awb-bg-size:cover;--awb-margin-bottom:0px;\"><div class=\"fusion-column-wrapper fusion-flex-column-wrapper-legacy\"><div class=\"fusion-text fusion-text-6\"><h3 style=\"text-align: center;\"><span style=\"color: #ffffff;\"><strong><span style=\"font-size: 45px;\"><span style=\"line-height: 50px;\">Une EXPERTISE reconnue<\/span><\/span><\/strong><\/span><\/h3>\n<\/div><div class=\"fusion-clearfix\"><\/div><\/div><\/div><\/div><\/div><div class=\"fusion-fullwidth fullwidth-box fusion-builder-row-4 fusion-parallax-fixed hundred-percent-fullwidth non-hundred-percent-height-scrolling\" style=\"--awb-background-position:left top;--awb-border-radius-top-left:0px;--awb-border-radius-top-right:0px;--awb-border-radius-bottom-right:0px;--awb-border-radius-bottom-left:0px;--awb-padding-top:70px;--awb-padding-right:40px;--awb-padding-bottom:30px;--awb-padding-left:40px;--awb-background-image:url(&quot;\/\/pylonelectronics.com\/wp-content\/uploads\/2016\/01\/metrological-80.jpg&quot;);--awb-background-size:cover;--awb-border-sizes-top:0px;--awb-border-sizes-bottom:0px;--awb-flex-wrap:wrap;background-attachment:fixed;\" ><div class=\"fusion-builder-row fusion-row\"><div class=\"fusion-layout-column fusion_builder_column fusion-builder-column-5 fusion_builder_column_1_5 1_5 fusion-one-fifth fusion-column-first\" style=\"--awb-bg-size:cover;width:16.8%; margin-right: 4%;\"><div class=\"fusion-column-wrapper fusion-flex-column-wrapper-legacy\"><div class=\"fusion-text fusion-text-7\"><h2 style=\"text-align: center;\"><a id=\"bottom\"><\/a><strong><span style=\"color: #ffffff;\">Industrie a\u00e9rospatiale<\/span><\/strong><\/h2>\n<\/div><div class=\"fusion-text fusion-text-8\"><p style=\"text-align: center;\"><span style=\"color: #ffffff;\">Pylon Electronics cumule de nombreuses ann\u00e9es d&rsquo;exp\u00e9rience avec diff\u00e9rents clients travaillant dans l&rsquo;industrie a\u00e9rospatiale.<\/span><\/p>\n<\/div><div class=\"fusion-clearfix\"><\/div><\/div><\/div><div class=\"fusion-layout-column fusion_builder_column fusion-builder-column-6 fusion_builder_column_1_5 1_5 fusion-one-fifth\" style=\"--awb-bg-size:cover;width:16.8%; margin-right: 4%;\"><div class=\"fusion-column-wrapper fusion-flex-column-wrapper-legacy\"><div class=\"fusion-text fusion-text-9\"><h2 style=\"text-align: center;\"><strong><span style=\"color: #ffffff;\">Industrie automobile<\/span><\/strong><\/h2>\n<\/div><div class=\"fusion-text fusion-text-10\"><p style=\"text-align: center;\"><span style=\"color: #ffffff;\">Avec des laboratoires situ\u00e9s dans le sud et l&rsquo;est de l&rsquo;Ontario, nous \u00e9talonnons et r\u00e9parons chaque jour \u00e0 Mississauga et Ottawa une grande quantit\u00e9 d&rsquo;instruments provenant de manufacturiers automobiles.<\/span><\/p>\n<\/div><div class=\"fusion-clearfix\"><\/div><\/div><\/div><div class=\"fusion-layout-column fusion_builder_column fusion-builder-column-7 fusion_builder_column_1_5 1_5 fusion-one-fifth\" style=\"--awb-bg-size:cover;width:16.8%; margin-right: 4%;\"><div class=\"fusion-column-wrapper fusion-flex-column-wrapper-legacy\"><div class=\"fusion-text fusion-text-11\"><h2 style=\"text-align: center;\"><strong><span style=\"color: #ffffff;\">Domaine manufacturier<\/span><\/strong><\/h2>\n<\/div><div class=\"fusion-text fusion-text-12\"><p style=\"text-align: center;\"><span style=\"color: #ffffff;\">Pylon Electronics comprend les besoins sp\u00e9cifiques et particuliers de ses clients oeuvrant dans le domaine manufacturier, c&rsquo;est pourquoi nous comblons dans un m\u00eame point de service tous vos besoins en mati\u00e8re de calibration \u00e9lectrique et m\u00e9canique ainsi que les tests d&rsquo;\u00e9quipements dimensionnels. <\/span><\/p>\n<\/div><div class=\"fusion-clearfix\"><\/div><\/div><\/div><div class=\"fusion-layout-column fusion_builder_column fusion-builder-column-8 fusion_builder_column_1_5 1_5 fusion-one-fifth\" style=\"--awb-bg-size:cover;width:16.8%; margin-right: 4%;\"><div class=\"fusion-column-wrapper fusion-flex-column-wrapper-legacy\"><div class=\"fusion-text fusion-text-13\"><h2 style=\"text-align: center;\"><strong><span style=\"color: #ffffff;\">T\u00e9l\u00e9communications<\/span><\/strong><\/h2>\n<\/div><div class=\"fusion-text fusion-text-14\"><p style=\"text-align: center;\"><span style=\"color: #ffffff;\">Pylon offre des services de haut calibre parmi les meilleurs de l&rsquo;industrie pour ses clients en t\u00e9l\u00e9communications. Nous pouvons calibrer et r\u00e9parer la plupart des instruments de t\u00e9l\u00e9communications et de r\u00e9seautage gr\u00e2ce \u00e0 nos nombreuses ann\u00e9es d&rsquo;exp\u00e9rience et \u00e0 notre expertise d\u00e9velopp\u00e9e dans ce secteur d&rsquo;activit\u00e9.<\/span><\/p>\n<\/div><div class=\"fusion-clearfix\"><\/div><\/div><\/div><div class=\"fusion-layout-column fusion_builder_column fusion-builder-column-9 fusion_builder_column_1_5 1_5 fusion-one-fifth fusion-column-last\" style=\"--awb-bg-size:cover;width:16.8%;\"><div class=\"fusion-column-wrapper fusion-flex-column-wrapper-legacy\"><div class=\"fusion-text fusion-text-15\"><h2 style=\"text-align: center;\"><strong><span style=\"color: #ffffff;\">Militaire<\/span><\/strong><\/h2>\n<\/div><div class=\"fusion-text fusion-text-16\"><p style=\"text-align: center;\"><span style=\"color: #ffffff;\">Pylon est certifi\u00e9 pour les marchandises contr\u00f4l\u00e9es. Nos laboratoires ont des capacit\u00e9s sp\u00e9ciales pour soutenir nos militaires de l&rsquo;air, de sol ou de mer.<\/span><\/p>\n<\/div><div class=\"fusion-clearfix\"><\/div><\/div><\/div><\/div><\/div><div class=\"fusion-fullwidth fullwidth-box fusion-builder-row-5 nonhundred-percent-fullwidth non-hundred-percent-height-scrolling\" style=\"--awb-border-radius-top-left:0px;--awb-border-radius-top-right:0px;--awb-border-radius-bottom-right:0px;--awb-border-radius-bottom-left:0px;--awb-padding-top:55px;--awb-padding-bottom:0px;--awb-border-sizes-top:0px;--awb-border-sizes-bottom:0px;--awb-flex-wrap:wrap;\" ><div class=\"fusion-builder-row fusion-row\"><div class=\"fusion-layout-column fusion_builder_column fusion-builder-column-10 fusion_builder_column_3_4 3_4 fusion-three-fourth fusion-column-first\" style=\"--awb-bg-size:cover;width:74%; margin-right: 4%;\"><div class=\"fusion-column-wrapper fusion-flex-column-wrapper-legacy\"><div class=\"fusion-text fusion-text-17\"><h2><strong>Besoin de plus d&rsquo;informations?<\/strong><\/h2>\n<\/div><div class=\"fusion-text fusion-text-18\"><h3><strong>Pour plus d\u2019informations \u00e0 propos de <span style=\"color: #5e7587;\">nos services<\/span> ou pour<span style=\"color: #5e7587;\"> prendre rendez-vous<\/span>, veuillez communiquer avec notre <span style=\"color: #5e7587;\">service \u00e0 la client\u00e8le<\/span>.<\/strong><\/h3>\n<\/div><div class=\"fusion-clearfix\"><\/div><\/div><\/div><div class=\"fusion-layout-column fusion_builder_column fusion-builder-column-11 fusion_builder_column_1_4 1_4 fusion-one-fourth fusion-column-last\" style=\"--awb-bg-position:center bottom;--awb-bg-size:cover;width:22%;\"><div class=\"fusion-column-wrapper fusion-flex-column-wrapper-legacy\"><div class=\"fusion-sep-clear\"><\/div><div class=\"fusion-separator fusion-full-width-sep\" style=\"margin-left: auto;margin-right: auto;margin-top:7px;width:100%;\"><\/div><div class=\"fusion-sep-clear\"><\/div><div class=\"fusion-align-block\"><a class=\"fusion-button button-3d button-xlarge button-custom fusion-button-default button-1 fusion-button-span-yes \" style=\"--button_bevel_color:#5e7587;--button_accent_color:#ffffff;--button_accent_hover_color:#ffffff;--button_border_hover_color:#ffffff;--button_border_width-top:1px;--button_border_width-right:1px;--button_border_width-bottom:1px;--button_border_width-left:1px;--button_gradient_top_color:#5e7587;--button_gradient_bottom_color:#5e7587;--button_gradient_top_color_hover:#383838;--button_gradient_bottom_color_hover:#383838;\" target=\"_self\" href=\"\/fr\/contactez-nous\/\"><span class=\"fusion-button-text awb-button__text awb-button__text--default\">Contactez-nous<\/span><\/a><\/div><div class=\"fusion-clearfix\"><\/div><\/div><\/div><\/div><\/div><\/p>\n","protected":false},"excerpt":{"rendered":"","protected":false},"author":1,"featured_media":0,"parent":0,"menu_order":0,"comment_status":"closed","ping_status":"closed","template":"100-width.php","meta":{"_monsterinsights_skip_tracking":false,"_monsterinsights_sitenote_active":false,"_monsterinsights_sitenote_note":"","_monsterinsights_sitenote_category":0,"footnotes":""},"class_list":["post-11667","page","type-page","status-publish","hentry"],"yoast_head":"<!-- This site is optimized with the Yoast SEO plugin v27.4 - https:\/\/yoast.com\/product\/yoast-seo-wordpress\/ -->\n<title>Secteurs d\u2019activit\u00e9<\/title>\n<meta name=\"robots\" content=\"index, follow, max-snippet:-1, max-image-preview:large, max-video-preview:-1\" \/>\n<link rel=\"canonical\" href=\"https:\/\/pylonelectronics.com\/fr\/secteurs-dactivite\/\" \/>\n<meta property=\"og:locale\" content=\"fr_FR\" \/>\n<meta property=\"og:type\" content=\"article\" \/>\n<meta property=\"og:title\" content=\"Secteurs d\u2019activit\u00e9\" \/>\n<meta property=\"og:url\" content=\"https:\/\/pylonelectronics.com\/fr\/secteurs-dactivite\/\" \/>\n<meta property=\"og:site_name\" content=\"pylonelectronics.com\" \/>\n<meta property=\"article:publisher\" content=\"https:\/\/www.facebook.com\/pylonelectronics\" \/>\n<meta property=\"article:modified_time\" content=\"2018-02-16T16:24:03+00:00\" \/>\n<meta property=\"og:image\" content=\"\/\/pylonelectronics.com\/wp-content\/uploads\/2014\/11\/Grand-favicon-contour.png\" \/>\n<meta name=\"twitter:card\" content=\"summary_large_image\" \/>\n<meta name=\"twitter:site\" content=\"@pylonelectronic\" \/>\n<meta name=\"twitter:label1\" content=\"Dur\u00e9e de lecture estim\u00e9e\" \/>\n\t<meta name=\"twitter:data1\" content=\"10 minutes\" \/>\n<script type=\"application\/ld+json\" class=\"yoast-schema-graph\">{\"@context\":\"https:\\\/\\\/schema.org\",\"@graph\":[{\"@type\":\"WebPage\",\"@id\":\"https:\\\/\\\/pylonelectronics.com\\\/fr\\\/secteurs-dactivite\\\/\",\"url\":\"https:\\\/\\\/pylonelectronics.com\\\/fr\\\/secteurs-dactivite\\\/\",\"name\":\"Secteurs d\u2019activit\u00e9\",\"isPartOf\":{\"@id\":\"https:\\\/\\\/pylonelectronics.com\\\/#website\"},\"datePublished\":\"2016-01-18T16:17:24+00:00\",\"dateModified\":\"2018-02-16T16:24:03+00:00\",\"breadcrumb\":{\"@id\":\"https:\\\/\\\/pylonelectronics.com\\\/fr\\\/secteurs-dactivite\\\/#breadcrumb\"},\"inLanguage\":\"fr-FR\",\"potentialAction\":[{\"@type\":\"ReadAction\",\"target\":[\"https:\\\/\\\/pylonelectronics.com\\\/fr\\\/secteurs-dactivite\\\/\"]}]},{\"@type\":\"BreadcrumbList\",\"@id\":\"https:\\\/\\\/pylonelectronics.com\\\/fr\\\/secteurs-dactivite\\\/#breadcrumb\",\"itemListElement\":[{\"@type\":\"ListItem\",\"position\":1,\"name\":\"Home\",\"item\":\"https:\\\/\\\/pylonelectronics.com\\\/fr\\\/\"},{\"@type\":\"ListItem\",\"position\":2,\"name\":\"Secteurs d\u2019activit\u00e9\"}]},{\"@type\":\"WebSite\",\"@id\":\"https:\\\/\\\/pylonelectronics.com\\\/#website\",\"url\":\"https:\\\/\\\/pylonelectronics.com\\\/\",\"name\":\"pylonelectronics.com\",\"description\":\"\",\"publisher\":{\"@id\":\"https:\\\/\\\/pylonelectronics.com\\\/#organization\"},\"potentialAction\":[{\"@type\":\"SearchAction\",\"target\":{\"@type\":\"EntryPoint\",\"urlTemplate\":\"https:\\\/\\\/pylonelectronics.com\\\/?s={search_term_string}\"},\"query-input\":{\"@type\":\"PropertyValueSpecification\",\"valueRequired\":true,\"valueName\":\"search_term_string\"}}],\"inLanguage\":\"fr-FR\"},{\"@type\":\"Organization\",\"@id\":\"https:\\\/\\\/pylonelectronics.com\\\/#organization\",\"name\":\"pylonelectronics.com\",\"url\":\"https:\\\/\\\/pylonelectronics.com\\\/\",\"logo\":{\"@type\":\"ImageObject\",\"inLanguage\":\"fr-FR\",\"@id\":\"https:\\\/\\\/pylonelectronics.com\\\/#\\\/schema\\\/logo\\\/image\\\/\",\"url\":\"https:\\\/\\\/pylonelectronics.com\\\/wp-content\\\/uploads\\\/2019\\\/11\\\/Pylon-logo-e1574440399162.jpg\",\"contentUrl\":\"https:\\\/\\\/pylonelectronics.com\\\/wp-content\\\/uploads\\\/2019\\\/11\\\/Pylon-logo-e1574440399162.jpg\",\"width\":900,\"height\":301,\"caption\":\"pylonelectronics.com\"},\"image\":{\"@id\":\"https:\\\/\\\/pylonelectronics.com\\\/#\\\/schema\\\/logo\\\/image\\\/\"},\"sameAs\":[\"https:\\\/\\\/www.facebook.com\\\/pylonelectronics\",\"https:\\\/\\\/x.com\\\/pylonelectronic\",\"https:\\\/\\\/www.youtube.com\\\/channel\\\/UCHnO9O0d2Pk2LwZb29GONZw\"]}]}<\/script>\n<!-- \/ Yoast SEO plugin. -->","yoast_head_json":{"title":"Secteurs d\u2019activit\u00e9","robots":{"index":"index","follow":"follow","max-snippet":"max-snippet:-1","max-image-preview":"max-image-preview:large","max-video-preview":"max-video-preview:-1"},"canonical":"https:\/\/pylonelectronics.com\/fr\/secteurs-dactivite\/","og_locale":"fr_FR","og_type":"article","og_title":"Secteurs d\u2019activit\u00e9","og_url":"https:\/\/pylonelectronics.com\/fr\/secteurs-dactivite\/","og_site_name":"pylonelectronics.com","article_publisher":"https:\/\/www.facebook.com\/pylonelectronics","article_modified_time":"2018-02-16T16:24:03+00:00","og_image":[{"url":"\/\/pylonelectronics.com\/wp-content\/uploads\/2014\/11\/Grand-favicon-contour.png","type":"","width":"","height":""}],"twitter_card":"summary_large_image","twitter_site":"@pylonelectronic","twitter_misc":{"Dur\u00e9e de lecture estim\u00e9e":"10 minutes"},"schema":{"@context":"https:\/\/schema.org","@graph":[{"@type":"WebPage","@id":"https:\/\/pylonelectronics.com\/fr\/secteurs-dactivite\/","url":"https:\/\/pylonelectronics.com\/fr\/secteurs-dactivite\/","name":"Secteurs d\u2019activit\u00e9","isPartOf":{"@id":"https:\/\/pylonelectronics.com\/#website"},"datePublished":"2016-01-18T16:17:24+00:00","dateModified":"2018-02-16T16:24:03+00:00","breadcrumb":{"@id":"https:\/\/pylonelectronics.com\/fr\/secteurs-dactivite\/#breadcrumb"},"inLanguage":"fr-FR","potentialAction":[{"@type":"ReadAction","target":["https:\/\/pylonelectronics.com\/fr\/secteurs-dactivite\/"]}]},{"@type":"BreadcrumbList","@id":"https:\/\/pylonelectronics.com\/fr\/secteurs-dactivite\/#breadcrumb","itemListElement":[{"@type":"ListItem","position":1,"name":"Home","item":"https:\/\/pylonelectronics.com\/fr\/"},{"@type":"ListItem","position":2,"name":"Secteurs d\u2019activit\u00e9"}]},{"@type":"WebSite","@id":"https:\/\/pylonelectronics.com\/#website","url":"https:\/\/pylonelectronics.com\/","name":"pylonelectronics.com","description":"","publisher":{"@id":"https:\/\/pylonelectronics.com\/#organization"},"potentialAction":[{"@type":"SearchAction","target":{"@type":"EntryPoint","urlTemplate":"https:\/\/pylonelectronics.com\/?s={search_term_string}"},"query-input":{"@type":"PropertyValueSpecification","valueRequired":true,"valueName":"search_term_string"}}],"inLanguage":"fr-FR"},{"@type":"Organization","@id":"https:\/\/pylonelectronics.com\/#organization","name":"pylonelectronics.com","url":"https:\/\/pylonelectronics.com\/","logo":{"@type":"ImageObject","inLanguage":"fr-FR","@id":"https:\/\/pylonelectronics.com\/#\/schema\/logo\/image\/","url":"https:\/\/pylonelectronics.com\/wp-content\/uploads\/2019\/11\/Pylon-logo-e1574440399162.jpg","contentUrl":"https:\/\/pylonelectronics.com\/wp-content\/uploads\/2019\/11\/Pylon-logo-e1574440399162.jpg","width":900,"height":301,"caption":"pylonelectronics.com"},"image":{"@id":"https:\/\/pylonelectronics.com\/#\/schema\/logo\/image\/"},"sameAs":["https:\/\/www.facebook.com\/pylonelectronics","https:\/\/x.com\/pylonelectronic","https:\/\/www.youtube.com\/channel\/UCHnO9O0d2Pk2LwZb29GONZw"]}]}},"_links":{"self":[{"href":"https:\/\/pylonelectronics.com\/fr\/wp-json\/wp\/v2\/pages\/11667","targetHints":{"allow":["GET"]}}],"collection":[{"href":"https:\/\/pylonelectronics.com\/fr\/wp-json\/wp\/v2\/pages"}],"about":[{"href":"https:\/\/pylonelectronics.com\/fr\/wp-json\/wp\/v2\/types\/page"}],"author":[{"embeddable":true,"href":"https:\/\/pylonelectronics.com\/fr\/wp-json\/wp\/v2\/users\/1"}],"replies":[{"embeddable":true,"href":"https:\/\/pylonelectronics.com\/fr\/wp-json\/wp\/v2\/comments?post=11667"}],"version-history":[{"count":108,"href":"https:\/\/pylonelectronics.com\/fr\/wp-json\/wp\/v2\/pages\/11667\/revisions"}],"predecessor-version":[{"id":14651,"href":"https:\/\/pylonelectronics.com\/fr\/wp-json\/wp\/v2\/pages\/11667\/revisions\/14651"}],"wp:attachment":[{"href":"https:\/\/pylonelectronics.com\/fr\/wp-json\/wp\/v2\/media?parent=11667"}],"curies":[{"name":"wp","href":"https:\/\/api.w.org\/{rel}","templated":true}]}}