{"id":3496,"date":"2013-04-04T15:18:43","date_gmt":"2013-04-04T15:18:43","guid":{"rendered":"http:\/\/theme-fusion.com\/avadaxml\/?page_id=3496"},"modified":"2022-07-08T13:07:40","modified_gmt":"2022-07-08T12:07:40","slug":"a-propos","status":"publish","type":"page","link":"https:\/\/pylonelectronics.com\/fr\/a-propos\/","title":{"rendered":"\u00c0 propos"},"content":{"rendered":"<p><div class=\"fusion-fullwidth fullwidth-box fusion-builder-row-1 hundred-percent-fullwidth non-hundred-percent-height-scrolling\" style=\"--awb-background-position:left top;--awb-border-sizes-top:0px;--awb-border-sizes-bottom:0px;--awb-border-sizes-left:0px;--awb-border-sizes-right:0px;--awb-border-radius-top-left:0px;--awb-border-radius-top-right:0px;--awb-border-radius-bottom-right:0px;--awb-border-radius-bottom-left:0px;--awb-padding-top:20px;--awb-padding-right:20px;--awb-padding-bottom:20px;--awb-padding-left:20px;--awb-background-color:#5e7587;--awb-flex-wrap:wrap;\" ><div class=\"fusion-builder-row fusion-row\"><div class=\"fusion-layout-column fusion_builder_column fusion-builder-column-0 fusion_builder_column_1_1 1_1 fusion-one-full fusion-column-first fusion-column-last fusion-column-no-min-height\" style=\"--awb-bg-size:cover;--awb-margin-bottom:0px;\"><div class=\"fusion-column-wrapper fusion-flex-column-wrapper-legacy\"><div class=\"fusion-text fusion-text-1\"><h3 style=\"text-align: center;\"><span style=\"color: #ffffff;\"><strong><span style=\"font-size: 45px;\"><span style=\"line-height: 50px;\">\u00c0 PROPOS de notre \u00e9quipe<\/span><\/span><\/strong><\/span><\/h3>\n<\/div><div class=\"fusion-clearfix\"><\/div><\/div><\/div><\/div><\/div><div class=\"fusion-fullwidth fullwidth-box fusion-builder-row-2 nonhundred-percent-fullwidth non-hundred-percent-height-scrolling\" style=\"--awb-background-position:left top;--awb-border-sizes-top:0px;--awb-border-sizes-bottom:0px;--awb-border-sizes-left:0px;--awb-border-sizes-right:0px;--awb-border-radius-top-left:0px;--awb-border-radius-top-right:0px;--awb-border-radius-bottom-right:0px;--awb-border-radius-bottom-left:0px;--awb-padding-top:45px;--awb-padding-bottom:25px;--awb-flex-wrap:wrap;\" ><div class=\"fusion-builder-row fusion-row\"><div class=\"fusion-layout-column fusion_builder_column fusion-builder-column-1 fusion_builder_column_1_1 1_1 fusion-one-full fusion-column-first fusion-column-last fusion-column-no-min-height\" style=\"--awb-bg-size:cover;--awb-margin-bottom:0px;\"><div class=\"fusion-column-wrapper fusion-flex-column-wrapper-legacy\"><div class=\"fusion-text fusion-text-2\"><h3><strong><img decoding=\"async\" class=\"alignleft wp-image-11968\" src=\"\/\/pylonelectronics.com\/wp-content\/uploads\/2014\/11\/Grand-favicon-contour.png\" alt=\"Grand favicon contour\" width=\"70\" height=\"67\" srcset=\"https:\/\/pylonelectronics.com\/wp-content\/uploads\/2014\/11\/Grand-favicon-contour-52x50.png 52w, https:\/\/pylonelectronics.com\/wp-content\/uploads\/2014\/11\/Grand-favicon-contour.png 102w\" sizes=\"(max-width: 70px) 100vw, 70px\" \/>\u00c9tablie <span style=\"color: #5e7587;\">depuis 1955 <\/span>au Canada, Pylon Electronics est une filiale en propri\u00e9t\u00e9 exclusive de la compagnie m\u00e8re<span style=\"color: #5e7587;\"> Turan de Toronto<\/span>. Depuis plus de 60 ans, Pylon Electronics est <span style=\"color: #5e7587;\">constamment en croissance<\/span> et financi\u00e8rement stable.\u00a0Au fil des ann\u00e9es, nous avons b\u00e2ti notre r\u00e9putation en misant sur notre service \u00e0 la client\u00e8le et la\u00a0qualit\u00e9 de nos produits .<\/strong><\/h3>\n<p><span style=\"color: #000000;\"> \u00c0 cet effet, Pylon se compose de deux divisions d\u2019exploitation, la premi\u00e8re est d\u00e9di\u00e9e \u00e0 l\u2019\u00e9talonnage et la r\u00e9paration d\u2019instruments de mesure et la seconde s\u2019affaire \u00e0 la fabrication d\u2019instruments de d\u00e9tection du gaz radon.<\/span><\/p>\n<\/div><div class=\"fusion-sep-clear\"><\/div><div class=\"fusion-separator fusion-full-width-sep\" style=\"margin-left: auto;margin-right: auto;margin-top:20px;width:100%;\"><\/div><div class=\"fusion-sep-clear\"><\/div><div class=\"fusion-clearfix\"><\/div><\/div><\/div><div class=\"fusion-layout-column fusion_builder_column fusion-builder-column-2 fusion_builder_column_1_1 1_1 fusion-one-full fusion-column-first fusion-column-last fusion-column-no-min-height\" style=\"--awb-bg-size:cover;--awb-margin-bottom:0px;\"><div class=\"fusion-column-wrapper fusion-flex-column-wrapper-legacy\"><div class=\"fusion-image-carousel fusion-image-carousel-fixed fusion-image-carousel-1 fusion-carousel-border\"><div class=\"awb-carousel awb-swiper awb-swiper-carousel awb-carousel--carousel awb-swiper-dots-position-bottom\" data-layout=\"carousel\" data-autoplay=\"yes\" data-autoplayspeed=\"2500\" data-autoplaypause=\"no\" data-columns=\"6\" data-columnsmedium=\"1\" data-columnssmall=\"1\" data-itemmargin=\"13\" data-itemwidth=\"180\" data-touchscroll=\"no\" data-freemode=\"no\" data-imagesize=\"fixed\" data-scrollitems=\"0\" data-centeredslides=\"no\" data-rotationangle=\"50\" data-depth=\"100\" data-speed=\"500\" data-shadow=\"no\" data-pagination=\"bullets\" style=\"--awb-columns:6;--awb-border-width:1px;--awb-border-color:#e9eaee;\"><div class=\"swiper-wrapper awb-image-carousel-wrapper fusion-flex-align-items-center\"><div class=\"swiper-slide\"><div class=\"fusion-carousel-item-wrapper\"><div class=\"fusion-image-wrapper hover-type-none\"><img decoding=\"async\" src=\"\/\/pylonelectronics.com\/wp-content\/uploads\/2013\/04\/ottawa2.jpg\" alt=\"\"\/><\/div><\/div><\/div><div class=\"swiper-slide\"><div class=\"fusion-carousel-item-wrapper\"><div class=\"fusion-image-wrapper hover-type-none\"><img decoding=\"async\" src=\"\/\/pylonelectronics.com\/wp-content\/uploads\/2013\/04\/ottawa1.jpg\" alt=\"\"\/><\/div><\/div><\/div><div class=\"swiper-slide\"><div class=\"fusion-carousel-item-wrapper\"><div class=\"fusion-image-wrapper hover-type-none\"><img decoding=\"async\" src=\"\/\/pylonelectronics.com\/wp-content\/uploads\/2013\/04\/toronto1.jpg\" alt=\"\"\/><\/div><\/div><\/div><div class=\"swiper-slide\"><div class=\"fusion-carousel-item-wrapper\"><div class=\"fusion-image-wrapper hover-type-none\"><img decoding=\"async\" src=\"\/\/pylonelectronics.com\/wp-content\/uploads\/2013\/04\/toronto2.jpg\" alt=\"\"\/><\/div><\/div><\/div><div class=\"swiper-slide\"><div class=\"fusion-carousel-item-wrapper\"><div class=\"fusion-image-wrapper hover-type-none\"><img decoding=\"async\" src=\"\/\/pylonelectronics.com\/wp-content\/uploads\/2013\/04\/dartmouth2.jpg\" alt=\"\"\/><\/div><\/div><\/div><div class=\"swiper-slide\"><div class=\"fusion-carousel-item-wrapper\"><div class=\"fusion-image-wrapper hover-type-none\"><img decoding=\"async\" src=\"\/\/pylonelectronics.com\/wp-content\/uploads\/2013\/04\/dartmouth1.jpg\" alt=\"\"\/><\/div><\/div><\/div><\/div><\/div><\/div><div class=\"fusion-clearfix\"><\/div><\/div><\/div><\/div><\/div><div class=\"fusion-fullwidth fullwidth-box fusion-builder-row-3 hundred-percent-fullwidth non-hundred-percent-height-scrolling\" style=\"--awb-background-position:left top;--awb-border-sizes-top:0px;--awb-border-sizes-bottom:0px;--awb-border-sizes-left:0px;--awb-border-sizes-right:0px;--awb-border-radius-top-left:0px;--awb-border-radius-top-right:0px;--awb-border-radius-bottom-right:0px;--awb-border-radius-bottom-left:0px;--awb-padding-top:20px;--awb-padding-right:20px;--awb-padding-bottom:20px;--awb-padding-left:20px;--awb-background-color:#5e7587;--awb-flex-wrap:wrap;\" ><div class=\"fusion-builder-row fusion-row\"><div class=\"fusion-layout-column fusion_builder_column fusion-builder-column-3 fusion_builder_column_1_1 1_1 fusion-one-full fusion-column-first fusion-column-last fusion-column-no-min-height\" style=\"--awb-bg-size:cover;--awb-margin-bottom:0px;\"><div class=\"fusion-column-wrapper fusion-flex-column-wrapper-legacy\"><div class=\"fusion-text fusion-text-3\"><h3 style=\"text-align: center;\"><span style=\"color: #ffffff;\"><strong><span style=\"font-size: 45px;\"><span style=\"line-height: 50px;\">Une entreprise ind\u00e9pendante 100%\u00a0CANADIENNE<\/span><\/span><\/strong><\/span><\/h3>\n<\/div><div class=\"fusion-clearfix\"><\/div><\/div><\/div><\/div><\/div><div class=\"fusion-fullwidth fullwidth-box fusion-builder-row-4 fusion-parallax-fixed hundred-percent-fullwidth non-hundred-percent-height-scrolling\" style=\"--awb-background-position:left top;--awb-border-sizes-top:0px;--awb-border-sizes-bottom:0px;--awb-border-sizes-left:0px;--awb-border-sizes-right:0px;--awb-border-radius-top-left:0px;--awb-border-radius-top-right:0px;--awb-border-radius-bottom-right:0px;--awb-border-radius-bottom-left:0px;--awb-padding-top:70px;--awb-padding-right:40px;--awb-padding-bottom:30px;--awb-padding-left:40px;--awb-background-image:url(&quot;\/\/pylonelectronics.com\/wp-content\/uploads\/2013\/04\/Pylon-Electronics.png&quot;);--awb-background-size:cover;--awb-flex-wrap:wrap;background-attachment:fixed;\" ><div class=\"fusion-builder-row fusion-row\"><div class=\"fusion-layout-column fusion_builder_column fusion-builder-column-4 fusion_builder_column_1_2 1_2 fusion-one-half fusion-column-first\" style=\"--awb-bg-size:cover;width:48%; margin-right: 4%;\"><div class=\"fusion-column-wrapper fusion-flex-column-wrapper-legacy\"><div class=\"fusion-text fusion-text-4\"><h2><span style=\"color: #ffffff;\"><strong>\u00c9talonnage et r\u00e9paration d\u2019instruments de mesure<\/strong><\/span><\/h2>\n<\/div><div class=\"fusion-text fusion-text-5\"><p><span style=\"color: #ffffff;\">Pylon Electronics fournit des services d&rsquo;\u00e9talonnage et de r\u00e9paration pour une grande vari\u00e9t\u00e9 d\u2019\u00e9quipements en comptant notamment sur des laboratoires \u00e9lectriques et \u00e9lectroniques, dimensionnels, de fibre optique et d\u2019instruments de proc\u00e9d\u00e9s et de propri\u00e9t\u00e9s physiques.<\/span><\/p>\n<p><span style=\"color: #ffffff;\">Avec des installations \u00e0 Richmond (BC), Calgary (AB), Edmonton (AB), Ottawa (ON), Dartmouth (NS) et Mississauga (ON) pour mieux vous servir, Pylon peut se fier sur son \u00e9quipe de technologues hautement qualifi\u00e9s qui traitent de plus de 4 000 \u00e9quipements chaque mois. Au Canada, Pylon est le plus grand fournisseur ind\u00e9pendant de services d&rsquo;\u00e9talonnage et de r\u00e9paration!<\/span><\/p>\n<\/div><div class=\"fusion-clearfix\"><\/div><\/div><\/div><div class=\"fusion-layout-column fusion_builder_column fusion-builder-column-5 fusion_builder_column_1_2 1_2 fusion-one-half fusion-column-last\" style=\"--awb-bg-size:cover;width:48%;\"><div class=\"fusion-column-wrapper fusion-flex-column-wrapper-legacy\"><div class=\"fusion-text fusion-text-6\"><h2><span style=\"color: #ffffff;\"><strong>Conception et fabrication d\u2019instruments de gaz radon<\/strong><\/span><\/h2>\n<\/div><div class=\"fusion-text fusion-text-7\"><p><span style=\"color: #ffffff;\">Notre division d\u00e9di\u00e9e \u00e0 la conception et la fabrication d&rsquo;instruments de d\u00e9tection et de mesure de gaz radon et thoron est un leader international dans son secteur d\u2019activit\u00e9. L\u2019entreprise peut compter sur son service \u00e0 la client\u00e8le et son \u00e9quipe de soutien technique li\u00e9s \u00e0 ces produits.<\/span><\/p>\n<p><span style=\"color: #ffffff;\">De plus, Pylon Electronics fournit \u00e9galement des services de conception et de fabrication sur mesure pour une grande vari\u00e9t\u00e9 d&rsquo;applications.<\/span><\/p>\n<\/div><div class=\"fusion-clearfix\"><\/div><\/div><\/div><\/div><\/div><div class=\"fusion-fullwidth fullwidth-box fusion-builder-row-5 hundred-percent-fullwidth non-hundred-percent-height-scrolling\" style=\"--awb-background-position:left top;--awb-border-sizes-top:0px;--awb-border-sizes-bottom:0px;--awb-border-sizes-left:0px;--awb-border-sizes-right:0px;--awb-border-radius-top-left:0px;--awb-border-radius-top-right:0px;--awb-border-radius-bottom-right:0px;--awb-border-radius-bottom-left:0px;--awb-padding-top:20px;--awb-padding-right:20px;--awb-padding-bottom:20px;--awb-padding-left:20px;--awb-background-color:#5e7587;--awb-flex-wrap:wrap;\" ><div class=\"fusion-builder-row fusion-row\"><div class=\"fusion-layout-column fusion_builder_column fusion-builder-column-6 fusion_builder_column_1_1 1_1 fusion-one-full fusion-column-first fusion-column-last fusion-column-no-min-height\" style=\"--awb-bg-size:cover;--awb-margin-bottom:0px;\"><div class=\"fusion-column-wrapper fusion-flex-column-wrapper-legacy\"><div class=\"fusion-text fusion-text-8\"><h3 style=\"text-align: center;\"><strong><span style=\"font-size: 45px;\"><span style=\"line-height: 50px;\"><span style=\"color: #000000;\"><span style=\"color: #ffffff;\">Pylon Electronics IMPLIQU\u00c9E dans la communaut\u00e9<\/span> <\/span><\/span><\/span><\/strong><\/h3>\n<\/div><div class=\"fusion-clearfix\"><\/div><\/div><\/div><\/div><\/div><div class=\"fusion-fullwidth fullwidth-box fusion-builder-row-6 hundred-percent-fullwidth non-hundred-percent-height-scrolling\" style=\"--awb-background-position:left top;--awb-border-sizes-top:0px;--awb-border-sizes-bottom:0px;--awb-border-sizes-left:0px;--awb-border-sizes-right:0px;--awb-border-radius-top-left:0px;--awb-border-radius-top-right:0px;--awb-border-radius-bottom-right:0px;--awb-border-radius-bottom-left:0px;--awb-padding-top:60px;--awb-padding-right:40px;--awb-padding-bottom:10px;--awb-padding-left:40px;--awb-flex-wrap:wrap;\" ><div class=\"fusion-builder-row fusion-row\"><div class=\"fusion-layout-column fusion_builder_column fusion-builder-column-7 fusion_builder_column_1_1 1_1 fusion-one-full fusion-column-first fusion-column-last fusion-column-no-min-height\" style=\"--awb-bg-size:cover;--awb-margin-bottom:0px;\"><div class=\"fusion-column-wrapper fusion-flex-column-wrapper-legacy\"><div class=\"fusion-text fusion-text-9\"><h2 style=\"text-align: center;\"><strong>Pylon estime qu&rsquo;il est important de soutenir la communaut\u00e9, c\u2019est pourquoi chacun de nos sites est impliqu\u00e9 dans sa communaut\u00e9, et ce, \u00e0 bien des \u00e9gards.<\/strong><\/h2>\n<\/div><div class=\"fusion-sep-clear\"><\/div><div class=\"fusion-separator fusion-full-width-sep\" style=\"margin-left: auto;margin-right: auto;margin-top:20px;width:100%;\"><\/div><div class=\"fusion-sep-clear\"><\/div><div class=\"fusion-clearfix\"><\/div><\/div><\/div><div class=\"fusion-layout-column fusion_builder_column fusion-builder-column-8 fusion_builder_column_1_1 1_1 fusion-one-full fusion-column-first fusion-column-last fusion-column-no-min-height\" style=\"--awb-bg-size:cover;--awb-margin-bottom:0px;\"><div class=\"fusion-column-wrapper fusion-flex-column-wrapper-legacy\"><div class=\"fusion-flip-boxes flip-boxes row fusion-columns-4 flip-effect-classic\"><div class=\"fusion-flip-box-wrapper fusion-column col-lg-3 col-md-3 col-sm-3\"><div class=\"fusion-flip-box flip-right\" tabindex=\"0\"><div class=\"flip-box-inner-wrapper\"><div class=\"flip-box-front\" style=\"--awb-border-size:1px;--awb-border-radius:4px;\"><div class=\"flip-box-front-inner\"><h2 class=\"flip-box-heading\">Communaut\u00e9 locale <\/h2>En offrant beaucoup de flexibilit\u00e9 dans les horaires, nous soutenons nos employ\u00e9s pour qu\u2019ils puissent participer \u00e0 des activit\u00e9s de leur communaut\u00e9 en soutenant notamment des collectes de fonds, du travail b\u00e9n\u00e9vole, etc.<\/p>\n<p>Voir la suite...<\/div><\/div><div class=\"flip-box-back\" style=\"--awb-border-size:1px;--awb-border-radius:4px;\"><div class=\"flip-box-back-inner\">Pylon fait \u00e9galement des contributions financi\u00e8res \u00e0 des organisations locales et des caritatives dont\u00a0LiveWorkPlay, la\u00a0Soci\u00e9t\u00e9 canadienne du cancer, la\u00a0Fondation des maladies du c\u0153ur et de l\u2019AVC et\u00a0Crohn et colite Canada.<\/div><\/div><\/div><\/div><\/div><div class=\"fusion-flip-box-wrapper fusion-column col-lg-3 col-md-3 col-sm-3\"><div class=\"fusion-flip-box flip-right\" tabindex=\"0\"><div class=\"flip-box-inner-wrapper\"><div class=\"flip-box-front\" style=\"--awb-border-size:1px;--awb-border-radius:4px;\"><div class=\"flip-box-front-inner\"><h2 class=\"flip-box-heading\">Communaut\u00e9 d'affaires <\/h2>Pr\u00e9sent dans plusieurs r\u00e9gions \u00e0 travers le pays (Halifax, Montr\u00e9al, Ottawa, Toronto), Pylon contribue activement au bien-\u00eatre de la communaut\u00e9 d'affaires locale. Nous tentons de d\u00e9velopper des relations d'affaires avec les fournisseurs locaux.<\/p>\n<p>Voir la suite...<\/div><\/div><div class=\"flip-box-back\" style=\"--awb-border-size:1px;--awb-border-radius:4px;\"><div class=\"flip-box-back-inner\">Nous soutenons \u00e9galement\u00a0nos clients et fournisseurs locaux en participant \u00e0 des activit\u00e9s comme des tournois de golf, des barbecues, des f\u00eates de No\u00ebl, etc. en particulier lorsque ces activit\u00e9s sont utilis\u00e9es pour soutenir la communaut\u00e9 locale dans son ensemble.<\/div><\/div><\/div><\/div><\/div><div class=\"fusion-flip-box-wrapper fusion-column col-lg-3 col-md-3 col-sm-3\"><div class=\"fusion-flip-box flip-right\" tabindex=\"0\"><div class=\"flip-box-inner-wrapper\"><div class=\"flip-box-front\" style=\"--awb-border-size:1px;--awb-border-radius:4px;\"><div class=\"flip-box-front-inner\"><h2 class=\"flip-box-heading\">Communaut\u00e9 de la m\u00e9trologie <\/h2>Pour demeurer au courant des derni\u00e8res tendances et technologies qui font progresser la science de la m\u00e9trologie, Pylon Electronics est un membre actif de la National Conference of Standards Laboratories International (NCSLI) depuis de nombreuses ann\u00e9es.<\/p>\n<p>Voir la suite...<\/div><\/div><div class=\"flip-box-back\" style=\"--awb-border-size:1px;--awb-border-radius:4px;\"><div class=\"flip-box-back-inner\">Notre engagement nous permet de demeurer en contact avec les personnes et entreprises qui sont impliqu\u00e9es dans la m\u00e9trologie, y compris nos concurrents. En collaborant ensemble, nous pouvons partager les d\u00e9fis li\u00e9s aux exigences de la science de la m\u00e9trologie.\u00a0Au fil des ans, les employ\u00e9s de Pylon ont occup\u00e9 de nombreux postes au sein de la\u00a0NCSLI comme\u00a0coordonnateurs r\u00e9gionaux et nationaux.<\/div><\/div><\/div><\/div><\/div><div class=\"fusion-flip-box-wrapper fusion-column col-lg-3 col-md-3 col-sm-3\"><div class=\"fusion-flip-box flip-right\" tabindex=\"0\"><div class=\"flip-box-inner-wrapper\"><div class=\"flip-box-front\" style=\"--awb-border-size:1px;--awb-border-radius:4px;\"><div class=\"flip-box-front-inner\"><h2 class=\"flip-box-heading\">Accessibilit\u00e9 <\/h2>Pylon Electronics s\u2019est engag\u00e9e \u00e0 offrir des services de qualit\u00e9 \u00e0 tous ses clients, y compris aux personnes handicap\u00e9es.<\/p>\n<p>Voir la suite...<\/div><\/div><div class=\"flip-box-back\" style=\"--awb-border-size:1px;--awb-border-radius:4px;\"><div class=\"flip-box-back-inner\">\u00c0 cet effet, nous avons mis en place une<span style=\"color: #b4c7d6;\"> <a style=\"color: #b4c7d6;\" href=\"\/\/pylonelectronics.com\/wp-content\/uploads\/2016\/02\/Pylon-Accessible-Customer-Service-Policy-R1.pdf\" target=\"_blank\" rel=\"noopener\">Politique d&rsquo;accessibilit\u00e9 du service \u00e0 la client\u00e8le<\/a><\/span>.<\/div><\/div><\/div><\/div><\/div><\/div><div class=\"clearfix\"><\/div><div class=\"fusion-clearfix\"><\/div><\/div><\/div><\/div><\/div><\/p>\n","protected":false},"excerpt":{"rendered":"","protected":false},"author":1,"featured_media":0,"parent":0,"menu_order":0,"comment_status":"open","ping_status":"closed","template":"100-width.php","meta":{"_monsterinsights_skip_tracking":false,"_monsterinsights_sitenote_active":false,"_monsterinsights_sitenote_note":"","_monsterinsights_sitenote_category":0,"footnotes":""},"class_list":["post-3496","page","type-page","status-publish","hentry"],"yoast_head":"<!-- This site is optimized with the Yoast SEO plugin v27.5 - https:\/\/yoast.com\/product\/yoast-seo-wordpress\/ -->\n<title>\u00c0 propos<\/title>\n<meta name=\"robots\" content=\"index, follow, max-snippet:-1, max-image-preview:large, max-video-preview:-1\" \/>\n<link rel=\"canonical\" href=\"https:\/\/pylonelectronics.com\/fr\/a-propos\/\" \/>\n<meta property=\"og:locale\" content=\"fr_FR\" \/>\n<meta property=\"og:type\" content=\"article\" \/>\n<meta property=\"og:title\" content=\"\u00c0 propos\" \/>\n<meta property=\"og:url\" content=\"https:\/\/pylonelectronics.com\/fr\/a-propos\/\" \/>\n<meta property=\"og:site_name\" content=\"pylonelectronics.com\" \/>\n<meta property=\"article:publisher\" content=\"https:\/\/www.facebook.com\/pylonelectronics\" \/>\n<meta property=\"article:modified_time\" content=\"2022-07-08T12:07:40+00:00\" \/>\n<meta name=\"twitter:card\" content=\"summary_large_image\" \/>\n<meta name=\"twitter:site\" content=\"@pylonelectronic\" \/>\n<meta name=\"twitter:label1\" content=\"Dur\u00e9e de lecture estim\u00e9e\" \/>\n\t<meta name=\"twitter:data1\" content=\"13 minutes\" \/>\n<script type=\"application\/ld+json\" class=\"yoast-schema-graph\">{\"@context\":\"https:\\\/\\\/schema.org\",\"@graph\":[{\"@type\":\"WebPage\",\"@id\":\"https:\\\/\\\/pylonelectronics.com\\\/fr\\\/a-propos\\\/\",\"url\":\"https:\\\/\\\/pylonelectronics.com\\\/fr\\\/a-propos\\\/\",\"name\":\"\u00c0 propos\",\"isPartOf\":{\"@id\":\"https:\\\/\\\/pylonelectronics.com\\\/#website\"},\"datePublished\":\"2013-04-04T15:18:43+00:00\",\"dateModified\":\"2022-07-08T12:07:40+00:00\",\"breadcrumb\":{\"@id\":\"https:\\\/\\\/pylonelectronics.com\\\/fr\\\/a-propos\\\/#breadcrumb\"},\"inLanguage\":\"fr-FR\",\"potentialAction\":[{\"@type\":\"ReadAction\",\"target\":[\"https:\\\/\\\/pylonelectronics.com\\\/fr\\\/a-propos\\\/\"]}]},{\"@type\":\"BreadcrumbList\",\"@id\":\"https:\\\/\\\/pylonelectronics.com\\\/fr\\\/a-propos\\\/#breadcrumb\",\"itemListElement\":[{\"@type\":\"ListItem\",\"position\":1,\"name\":\"Home\",\"item\":\"https:\\\/\\\/pylonelectronics.com\\\/fr\\\/\"},{\"@type\":\"ListItem\",\"position\":2,\"name\":\"\u00c0 propos\"}]},{\"@type\":\"WebSite\",\"@id\":\"https:\\\/\\\/pylonelectronics.com\\\/#website\",\"url\":\"https:\\\/\\\/pylonelectronics.com\\\/\",\"name\":\"pylonelectronics.com\",\"description\":\"\",\"publisher\":{\"@id\":\"https:\\\/\\\/pylonelectronics.com\\\/#organization\"},\"potentialAction\":[{\"@type\":\"SearchAction\",\"target\":{\"@type\":\"EntryPoint\",\"urlTemplate\":\"https:\\\/\\\/pylonelectronics.com\\\/?s={search_term_string}\"},\"query-input\":{\"@type\":\"PropertyValueSpecification\",\"valueRequired\":true,\"valueName\":\"search_term_string\"}}],\"inLanguage\":\"fr-FR\"},{\"@type\":\"Organization\",\"@id\":\"https:\\\/\\\/pylonelectronics.com\\\/#organization\",\"name\":\"pylonelectronics.com\",\"url\":\"https:\\\/\\\/pylonelectronics.com\\\/\",\"logo\":{\"@type\":\"ImageObject\",\"inLanguage\":\"fr-FR\",\"@id\":\"https:\\\/\\\/pylonelectronics.com\\\/#\\\/schema\\\/logo\\\/image\\\/\",\"url\":\"https:\\\/\\\/pylonelectronics.com\\\/wp-content\\\/uploads\\\/2019\\\/11\\\/Pylon-logo-e1574440399162.jpg\",\"contentUrl\":\"https:\\\/\\\/pylonelectronics.com\\\/wp-content\\\/uploads\\\/2019\\\/11\\\/Pylon-logo-e1574440399162.jpg\",\"width\":900,\"height\":301,\"caption\":\"pylonelectronics.com\"},\"image\":{\"@id\":\"https:\\\/\\\/pylonelectronics.com\\\/#\\\/schema\\\/logo\\\/image\\\/\"},\"sameAs\":[\"https:\\\/\\\/www.facebook.com\\\/pylonelectronics\",\"https:\\\/\\\/x.com\\\/pylonelectronic\",\"https:\\\/\\\/www.youtube.com\\\/channel\\\/UCHnO9O0d2Pk2LwZb29GONZw\"]}]}<\/script>\n<!-- \/ Yoast SEO plugin. -->","yoast_head_json":{"title":"\u00c0 propos","robots":{"index":"index","follow":"follow","max-snippet":"max-snippet:-1","max-image-preview":"max-image-preview:large","max-video-preview":"max-video-preview:-1"},"canonical":"https:\/\/pylonelectronics.com\/fr\/a-propos\/","og_locale":"fr_FR","og_type":"article","og_title":"\u00c0 propos","og_url":"https:\/\/pylonelectronics.com\/fr\/a-propos\/","og_site_name":"pylonelectronics.com","article_publisher":"https:\/\/www.facebook.com\/pylonelectronics","article_modified_time":"2022-07-08T12:07:40+00:00","twitter_card":"summary_large_image","twitter_site":"@pylonelectronic","twitter_misc":{"Dur\u00e9e de lecture estim\u00e9e":"13 minutes"},"schema":{"@context":"https:\/\/schema.org","@graph":[{"@type":"WebPage","@id":"https:\/\/pylonelectronics.com\/fr\/a-propos\/","url":"https:\/\/pylonelectronics.com\/fr\/a-propos\/","name":"\u00c0 propos","isPartOf":{"@id":"https:\/\/pylonelectronics.com\/#website"},"datePublished":"2013-04-04T15:18:43+00:00","dateModified":"2022-07-08T12:07:40+00:00","breadcrumb":{"@id":"https:\/\/pylonelectronics.com\/fr\/a-propos\/#breadcrumb"},"inLanguage":"fr-FR","potentialAction":[{"@type":"ReadAction","target":["https:\/\/pylonelectronics.com\/fr\/a-propos\/"]}]},{"@type":"BreadcrumbList","@id":"https:\/\/pylonelectronics.com\/fr\/a-propos\/#breadcrumb","itemListElement":[{"@type":"ListItem","position":1,"name":"Home","item":"https:\/\/pylonelectronics.com\/fr\/"},{"@type":"ListItem","position":2,"name":"\u00c0 propos"}]},{"@type":"WebSite","@id":"https:\/\/pylonelectronics.com\/#website","url":"https:\/\/pylonelectronics.com\/","name":"pylonelectronics.com","description":"","publisher":{"@id":"https:\/\/pylonelectronics.com\/#organization"},"potentialAction":[{"@type":"SearchAction","target":{"@type":"EntryPoint","urlTemplate":"https:\/\/pylonelectronics.com\/?s={search_term_string}"},"query-input":{"@type":"PropertyValueSpecification","valueRequired":true,"valueName":"search_term_string"}}],"inLanguage":"fr-FR"},{"@type":"Organization","@id":"https:\/\/pylonelectronics.com\/#organization","name":"pylonelectronics.com","url":"https:\/\/pylonelectronics.com\/","logo":{"@type":"ImageObject","inLanguage":"fr-FR","@id":"https:\/\/pylonelectronics.com\/#\/schema\/logo\/image\/","url":"https:\/\/pylonelectronics.com\/wp-content\/uploads\/2019\/11\/Pylon-logo-e1574440399162.jpg","contentUrl":"https:\/\/pylonelectronics.com\/wp-content\/uploads\/2019\/11\/Pylon-logo-e1574440399162.jpg","width":900,"height":301,"caption":"pylonelectronics.com"},"image":{"@id":"https:\/\/pylonelectronics.com\/#\/schema\/logo\/image\/"},"sameAs":["https:\/\/www.facebook.com\/pylonelectronics","https:\/\/x.com\/pylonelectronic","https:\/\/www.youtube.com\/channel\/UCHnO9O0d2Pk2LwZb29GONZw"]}]}},"_links":{"self":[{"href":"https:\/\/pylonelectronics.com\/fr\/wp-json\/wp\/v2\/pages\/3496","targetHints":{"allow":["GET"]}}],"collection":[{"href":"https:\/\/pylonelectronics.com\/fr\/wp-json\/wp\/v2\/pages"}],"about":[{"href":"https:\/\/pylonelectronics.com\/fr\/wp-json\/wp\/v2\/types\/page"}],"author":[{"embeddable":true,"href":"https:\/\/pylonelectronics.com\/fr\/wp-json\/wp\/v2\/users\/1"}],"replies":[{"embeddable":true,"href":"https:\/\/pylonelectronics.com\/fr\/wp-json\/wp\/v2\/comments?post=3496"}],"version-history":[{"count":83,"href":"https:\/\/pylonelectronics.com\/fr\/wp-json\/wp\/v2\/pages\/3496\/revisions"}],"predecessor-version":[{"id":15219,"href":"https:\/\/pylonelectronics.com\/fr\/wp-json\/wp\/v2\/pages\/3496\/revisions\/15219"}],"wp:attachment":[{"href":"https:\/\/pylonelectronics.com\/fr\/wp-json\/wp\/v2\/media?parent=3496"}],"curies":[{"name":"wp","href":"https:\/\/api.w.org\/{rel}","templated":true}]}}